{"id":966,"date":"2025-02-18T10:33:20","date_gmt":"2025-02-18T09:33:20","guid":{"rendered":"https:\/\/wiejskieprzysmaki.estima.site\/produkt\/sorgo-ziarno-obluszczone-bio-500-g-bio-planet\/"},"modified":"2025-02-18T10:33:27","modified_gmt":"2025-02-18T09:33:27","slug":"sorgo-ziarno-obluszczone-bio-500-g-bio-planet","status":"publish","type":"product","link":"https:\/\/wiejskieprzysmaki.estima.site\/en\/product\/sorgo-ziarno-obluszczone-bio-500-g-bio-planet\/","title":{"rendered":"SORGO (ZIARNO OB\u0141USZCZONE) BIO 500 g &#8211; BIO PLANET"},"content":{"rendered":"<p>SK\u0141ADNIKI<br \/>ekologiczne sorgo (ziarno ob\u0142uszczone) 100 %. <\/p>\n<p>OPIS<br \/>Ekologiczne sorgo, zwane r\u00f3wnie\u017c afryka\u0144skim prosem, charakteryzuje si\u0119 delikatnym smakiem z lekko orzechow\u0105 nut\u0105. Po ugotowaniu mo\u017ce by\u0107 dodawane do warzyw, mi\u0119sa, RYB, a tak\u017ce zup i sa\u0142atek. Zmielone sorgo mo\u017ce by\u0107 stosowane do wypiek\u00f3w oraz do zag\u0119szczania zup i sos\u00f3w.<\/p>\n<p>SPOS\u00d3B PRZYGOTOWANIA<br \/>Op\u0142ukane w zimnej wodzie ziarna, nale\u017cy moczy\u0107 przez kilka godzin, a nast\u0119pnie gotowa\u0107 przez ok. 30-40 min.<\/p>\n<p>WARTO\u015a\u0106 OD\u017bYWCZA W 100 g<br \/>Warto\u015b\u0107 energetyczna \t1453 kJ\/344 kcal<br \/>T\u0142uszcz \t3,2 g<br \/>w tym kwasy t\u0142uszczowe nasycone \t0,7 g<br \/>W\u0119glowodany \t66 g<br \/>w tym cukry \t0 g<br \/>B\u0142onnik \t7,5 g<br \/>Bia\u0142ko \t9,3 g<br \/>S\u00f3l \t0 g<\/p>\n<p>ZALECANE WARUNKI PRZECHOWYWANIA<br \/>Przechowywa\u0107 w suchym i ch\u0142odnym miejscu.  <\/p>","protected":false},"excerpt":{"rendered":"<p>SK\u0141ADNIKIekologiczne sorgo (ziarno ob\u0142uszczone) 100 %. OPISEkologiczne sorgo, zwane r\u00f3wnie\u017c afryka\u0144skim prosem, charakteryzuje si\u0119 delikatnym smakiem z lekko orzechow\u0105 nut\u0105. Po ugotowaniu mo\u017ce by\u0107 dodawane do warzyw, mi\u0119sa, RYB, a tak\u017ce zup i sa\u0142atek. Zmielone sorgo mo\u017ce by\u0107 stosowane do wypiek\u00f3w oraz do zag\u0119szczania zup i sos\u00f3w. SPOS\u00d3B PRZYGOTOWANIAOp\u0142ukane w zimnej wodzie ziarna, nale\u017cy moczy\u0107 [&hellip;]<\/p>","protected":false},"featured_media":519,"comment_status":"closed","ping_status":"open","template":"","meta":{"_acf_changed":false},"product_brand":[],"product_cat":[151],"product_tag":[],"class_list":{"0":"post-966","1":"product","2":"type-product","3":"status-publish","4":"has-post-thumbnail","6":"product_cat-nasiona-i-ziarna","7":"pa_ean-matka-579","8":"pa_gwarancja-przydatnosci-320","9":"pa_ilosc-w-opakowaniu-298","10":"pa_jednostka-podstawowa-szt","11":"pa_kod-cn-1007-90-00","12":"pa_kraj-pochodzenia-skladnikow-wlochy","13":"pa_masa-netto-347","14":"pa_objetosc-brutto-204","15":"pa_producent-bio-planet-seria-niebieska-ryze-kasze-ziarna","16":"pa_producent-nazwa-adres-bio-planet-s-a-wilkowa-wies-7-05-084-leszno","17":"pa_tagi-bez-cukru-w-skladnikach","18":"pa_tagi-bez-glutenu-w-skladnikach","19":"pa_tagi-certyfikat-bio","20":"pa_tagi-weganski","21":"pa_tagi-wegetarianski","23":"first","24":"instock","25":"taxable","26":"shipping-taxable","27":"purchasable","28":"product-type-simple"},"acf":[],"_links":{"self":[{"href":"https:\/\/wiejskieprzysmaki.estima.site\/en\/wp-json\/wp\/v2\/product\/966","targetHints":{"allow":["GET"]}}],"collection":[{"href":"https:\/\/wiejskieprzysmaki.estima.site\/en\/wp-json\/wp\/v2\/product"}],"about":[{"href":"https:\/\/wiejskieprzysmaki.estima.site\/en\/wp-json\/wp\/v2\/types\/product"}],"replies":[{"embeddable":true,"href":"https:\/\/wiejskieprzysmaki.estima.site\/en\/wp-json\/wp\/v2\/comments?post=966"}],"wp:featuredmedia":[{"embeddable":true,"href":"https:\/\/wiejskieprzysmaki.estima.site\/en\/wp-json\/wp\/v2\/media\/519"}],"wp:attachment":[{"href":"https:\/\/wiejskieprzysmaki.estima.site\/en\/wp-json\/wp\/v2\/media?parent=966"}],"wp:term":[{"taxonomy":"product_brand","embeddable":true,"href":"https:\/\/wiejskieprzysmaki.estima.site\/en\/wp-json\/wp\/v2\/product_brand?post=966"},{"taxonomy":"product_cat","embeddable":true,"href":"https:\/\/wiejskieprzysmaki.estima.site\/en\/wp-json\/wp\/v2\/product_cat?post=966"},{"taxonomy":"product_tag","embeddable":true,"href":"https:\/\/wiejskieprzysmaki.estima.site\/en\/wp-json\/wp\/v2\/product_tag?post=966"}],"curies":[{"name":"wp","href":"https:\/\/api.w.org\/{rel}","templated":true}]}}