{"id":9667,"date":"2025-02-18T12:08:47","date_gmt":"2025-02-18T11:08:47","guid":{"rendered":"https:\/\/wiejskieprzysmaki.estima.site\/produkt\/makaron-gryczany-rurka-maccheroni-bezglutenowy-bio-250-g-bartolini\/"},"modified":"2025-02-18T12:08:50","modified_gmt":"2025-02-18T11:08:50","slug":"makaron-gryczany-rurka-maccheroni-bezglutenowy-bio-250-g-bartolini","status":"publish","type":"product","link":"https:\/\/wiejskieprzysmaki.estima.site\/en\/product\/makaron-gryczany-rurka-maccheroni-bezglutenowy-bio-250-g-bartolini\/","title":{"rendered":"MAKARON (GRYCZANY) RURKA MACCHERONI BEZGLUTENOWY BIO 250 g &#8211; BARTOLINI"},"content":{"rendered":"<p>SK\u0141ADNIKI<br \/>100 % m\u0105ka gryczana*. (*certyfikowany sk\u0142adnik ekologiczny)<\/p>\n<p>SPOS\u00d3B PRZYGOTOWANIA<br \/>Przed spo\u017cyciem gotowa\u0107 we wrz\u0105cej wodzie (\u015bredni ogie\u0144) przez 6-7 minut (100 g makaronu na 1 litr osolonej wody)<br \/>Ugotowany makaron odcedzi\u0107 i przela\u0107 zimn\u0105 wod\u0105.<\/p>\n<p>WARTO\u015a\u0106 OD\u017bYWCZA w 100 g<br \/>Warto\u015b\u0107 energetyczna: 1525 kJ\/360 kcal<br \/>T\u0142uszcz: 3,3 g<br \/>w tym kwasy t\u0142uszczowe nasycone: 1,3 g<br \/>W\u0119glowodany: 67 g<br \/>w tym cukry: 1,0 g<br \/>B\u0142onnik: 5,3 g<br \/>Bia\u0142ko: 13 g<br \/>S\u00f3l: 0 g<\/p>\n<p>INFORMACJA ALERGENNA<br \/>Produkt mo\u017ce zawiera\u0107 SOJ\u0118.<\/p>\n<p>ZALECANE WARUNKI PRZECHOWYWANIA<br \/>Przechowywa\u0107 w suchym i przewiewnym miejscu (max 25\u00b0C), z dala od \u017ar\u00f3de\u0142 ciep\u0142a i promieni s\u0142onecznych.<\/p>","protected":false},"excerpt":{"rendered":"<p>SK\u0141ADNIKI100 % m\u0105ka gryczana*. (*certyfikowany sk\u0142adnik ekologiczny) SPOS\u00d3B PRZYGOTOWANIAPrzed spo\u017cyciem gotowa\u0107 we wrz\u0105cej wodzie (\u015bredni ogie\u0144) przez 6-7 minut (100 g makaronu na 1 litr osolonej wody)Ugotowany makaron odcedzi\u0107 i przela\u0107 zimn\u0105 wod\u0105. WARTO\u015a\u0106 OD\u017bYWCZA w 100 gWarto\u015b\u0107 energetyczna: 1525 kJ\/360 kcalT\u0142uszcz: 3,3 gw tym kwasy t\u0142uszczowe nasycone: 1,3 gW\u0119glowodany: 67 gw tym cukry: 1,0 [&hellip;]<\/p>","protected":false},"featured_media":9668,"comment_status":"closed","ping_status":"open","template":"","meta":{"_acf_changed":false},"product_brand":[],"product_cat":[1163,1162],"product_tag":[],"class_list":{"0":"post-9667","1":"product","2":"type-product","3":"status-publish","4":"has-post-thumbnail","6":"product_cat-bezglutenowe","7":"product_cat-makarony","8":"pa_ean-matka-7367","9":"pa_gwarancja-przydatnosci-522","10":"pa_ilosc-w-opakowaniu-374","11":"pa_jednostka-podstawowa-szt","12":"pa_kod-cn-1902-19-90","13":"pa_kraj-pochodzenia-skladnikow-wlochy","14":"pa_masa-netto-480","15":"pa_objetosc-brutto-3387","16":"pa_producent-bartolini-makarony","17":"pa_producent-nazwa-adres-p-p-h-tabit-sp-z-o-o-kollataja-44-05-402-otwock","18":"pa_tagi-bez-cukru-w-skladnikach","19":"pa_tagi-bez-glutenu-deklaracja","20":"pa_tagi-bez-glutenu-w-skladnikach","21":"pa_tagi-certyfikat-bio","22":"pa_tagi-weganski","23":"pa_tagi-wegetarianski","25":"first","26":"instock","27":"taxable","28":"shipping-taxable","29":"purchasable","30":"product-type-simple"},"acf":[],"_links":{"self":[{"href":"https:\/\/wiejskieprzysmaki.estima.site\/en\/wp-json\/wp\/v2\/product\/9667","targetHints":{"allow":["GET"]}}],"collection":[{"href":"https:\/\/wiejskieprzysmaki.estima.site\/en\/wp-json\/wp\/v2\/product"}],"about":[{"href":"https:\/\/wiejskieprzysmaki.estima.site\/en\/wp-json\/wp\/v2\/types\/product"}],"replies":[{"embeddable":true,"href":"https:\/\/wiejskieprzysmaki.estima.site\/en\/wp-json\/wp\/v2\/comments?post=9667"}],"wp:featuredmedia":[{"embeddable":true,"href":"https:\/\/wiejskieprzysmaki.estima.site\/en\/wp-json\/wp\/v2\/media\/9668"}],"wp:attachment":[{"href":"https:\/\/wiejskieprzysmaki.estima.site\/en\/wp-json\/wp\/v2\/media?parent=9667"}],"wp:term":[{"taxonomy":"product_brand","embeddable":true,"href":"https:\/\/wiejskieprzysmaki.estima.site\/en\/wp-json\/wp\/v2\/product_brand?post=9667"},{"taxonomy":"product_cat","embeddable":true,"href":"https:\/\/wiejskieprzysmaki.estima.site\/en\/wp-json\/wp\/v2\/product_cat?post=9667"},{"taxonomy":"product_tag","embeddable":true,"href":"https:\/\/wiejskieprzysmaki.estima.site\/en\/wp-json\/wp\/v2\/product_tag?post=9667"}],"curies":[{"name":"wp","href":"https:\/\/api.w.org\/{rel}","templated":true}]}}