{"id":9681,"date":"2025-02-18T12:09:06","date_gmt":"2025-02-18T11:09:06","guid":{"rendered":"https:\/\/wiejskieprzysmaki.estima.site\/produkt\/papaja-suszona-bezglutenowa-bio-200-g-horizon\/"},"modified":"2025-02-18T12:09:07","modified_gmt":"2025-02-18T11:09:07","slug":"papaja-suszona-bezglutenowa-bio-200-g-horizon","status":"publish","type":"product","link":"https:\/\/wiejskieprzysmaki.estima.site\/en\/product\/papaja-suszona-bezglutenowa-bio-200-g-horizon\/","title":{"rendered":"PAPAJA SUSZONA BEZGLUTENOWA BIO 200 g &#8211; HORIZON"},"content":{"rendered":"<p>SK\u0141ADNIKI<br \/>ekologiczna papaja suszona. <\/p>\n<p>OPIS<br \/>Papaja nale\u017cy do owoc\u00f3w egzotycznych o nieprzeci\u0119tnym smaku. Ma grube, soczyste kawa\u0142ki. S\u0105 delikatnie twarde, ale w \u015brodku maj\u0105 mi\u0119kki, przyjemny mi\u0105\u017csz. Polecana jest g\u0142\u00f3wnie jako samodzielna przek\u0105ska, ale mo\u017cna te\u017c wykorzystywa\u0107 j\u0105 jako dodatek do musli, owsianek, wypiek\u00f3w oraz do zdrowych koktajli.<\/p>\n<p>WARTO\u015a\u0106 OD\u017bYWCZA w 100 g<br \/>Warto\u015b\u0107 energetyczna: 1544 kJ\/369 kcal<br \/>T\u0142uszcz: 0 g<br \/>w tym kwasy t\u0142uszczowe nasycone: 0 g<br \/>W\u0119glowodany: 78 g<br \/>w tym cukry: 54 g<br \/>Bia\u0142ko: 5,1 g<br \/>S\u00f3l: 0,01 g<\/p>\n<p>INFORMACJA ALERGENNA<br \/>Mo\u017ce zawiera\u0107 ORZECHY, NASIONA SEZAMU, ORZESZKI ZIEMNE.<\/p>\n<p>ZALECANE WARUNKI PRZECHOWYWANIA<br \/>Pzechowywa\u0107 w suchym, ch\u0142odnym i zacienionym miejscu.<\/p>","protected":false},"excerpt":{"rendered":"<p>SK\u0141ADNIKIekologiczna papaja suszona. OPISPapaja nale\u017cy do owoc\u00f3w egzotycznych o nieprzeci\u0119tnym smaku. Ma grube, soczyste kawa\u0142ki. S\u0105 delikatnie twarde, ale w \u015brodku maj\u0105 mi\u0119kki, przyjemny mi\u0105\u017csz. Polecana jest g\u0142\u00f3wnie jako samodzielna przek\u0105ska, ale mo\u017cna te\u017c wykorzystywa\u0107 j\u0105 jako dodatek do musli, owsianek, wypiek\u00f3w oraz do zdrowych koktajli. WARTO\u015a\u0106 OD\u017bYWCZA w 100 gWarto\u015b\u0107 energetyczna: 1544 kJ\/369 kcalT\u0142uszcz: [&hellip;]<\/p>","protected":false},"featured_media":9682,"comment_status":"closed","ping_status":"open","template":"","meta":{"_acf_changed":false},"product_brand":[],"product_cat":[830],"product_tag":[],"class_list":{"0":"post-9681","1":"product","2":"type-product","3":"status-publish","4":"has-post-thumbnail","6":"product_cat-orzechy-i-owoce-suszone","7":"pa_ean-matka-7378","8":"pa_gwarancja-przydatnosci-324","9":"pa_ilosc-w-opakowaniu-298","10":"pa_jednostka-podstawowa-szt","11":"pa_kod-cn-0813-40-50","12":"pa_kraj-pochodzenia-skladnikow-sri-lanka","13":"pa_masa-netto-354","14":"pa_objetosc-brutto-210","15":"pa_producent-horizon-syropy-kremy-orzechowe","16":"pa_producent-nazwa-adres-lage-dijk-noord-20a-3401va-ijsselstein","17":"pa_tagi-bez-cukru-w-skladnikach","18":"pa_tagi-bez-glutenu-deklaracja","19":"pa_tagi-bez-glutenu-w-skladnikach","20":"pa_tagi-certyfikat-bio","21":"pa_tagi-weganski","22":"pa_tagi-wegetarianski","24":"first","25":"instock","26":"taxable","27":"shipping-taxable","28":"purchasable","29":"product-type-simple"},"acf":[],"_links":{"self":[{"href":"https:\/\/wiejskieprzysmaki.estima.site\/en\/wp-json\/wp\/v2\/product\/9681","targetHints":{"allow":["GET"]}}],"collection":[{"href":"https:\/\/wiejskieprzysmaki.estima.site\/en\/wp-json\/wp\/v2\/product"}],"about":[{"href":"https:\/\/wiejskieprzysmaki.estima.site\/en\/wp-json\/wp\/v2\/types\/product"}],"replies":[{"embeddable":true,"href":"https:\/\/wiejskieprzysmaki.estima.site\/en\/wp-json\/wp\/v2\/comments?post=9681"}],"wp:featuredmedia":[{"embeddable":true,"href":"https:\/\/wiejskieprzysmaki.estima.site\/en\/wp-json\/wp\/v2\/media\/9682"}],"wp:attachment":[{"href":"https:\/\/wiejskieprzysmaki.estima.site\/en\/wp-json\/wp\/v2\/media?parent=9681"}],"wp:term":[{"taxonomy":"product_brand","embeddable":true,"href":"https:\/\/wiejskieprzysmaki.estima.site\/en\/wp-json\/wp\/v2\/product_brand?post=9681"},{"taxonomy":"product_cat","embeddable":true,"href":"https:\/\/wiejskieprzysmaki.estima.site\/en\/wp-json\/wp\/v2\/product_cat?post=9681"},{"taxonomy":"product_tag","embeddable":true,"href":"https:\/\/wiejskieprzysmaki.estima.site\/en\/wp-json\/wp\/v2\/product_tag?post=9681"}],"curies":[{"name":"wp","href":"https:\/\/api.w.org\/{rel}","templated":true}]}}