{"id":970,"date":"2025-02-18T10:33:20","date_gmt":"2025-02-18T09:33:20","guid":{"rendered":"https:\/\/wiejskieprzysmaki.estima.site\/produkt\/ryz-czarny-pelnoziarnisty-bio-1-kg-bio-planet\/"},"modified":"2025-02-18T10:33:29","modified_gmt":"2025-02-18T09:33:29","slug":"ryz-czarny-pelnoziarnisty-bio-1-kg-bio-planet","status":"publish","type":"product","link":"https:\/\/wiejskieprzysmaki.estima.site\/en\/product\/ryz-czarny-pelnoziarnisty-bio-1-kg-bio-planet\/","title":{"rendered":"RY\u017b CZARNY PE\u0141NOZIARNISTY BIO 1 kg &#8211; BIO PLANET"},"content":{"rendered":"<p>SK\u0141ADNIKI<br \/>ekologiczny ry\u017c czarny pe\u0142noziarnisty 100 %. <\/p>\n<p>OPIS<br \/>Ekologiczny ry\u017c czarny pe\u0142noziarnisty charakteryzuje si\u0119 niezwyk\u0142ym orzechowym aromatem, dzi\u0119ki kt\u00f3remu harmonijnie wsp\u00f3\u0142gra z wieloma egzotycznymi potrawami. Najlepiej komponuje si\u0119 z dziczyzn\u0105, drobiem, rybami i owocami morza. Nadaje potrawom oryginalny wygl\u0105d i smak. <\/p>\n<p>SPOS\u00d3B PRZYGOTOWANIA<br \/>Uprzednio wyp\u0142ukany ry\u017c gotowa\u0107 w proporcji 1:2 (1 porcja ry\u017cu na 2 porcje wody) na ma\u0142ym ogniu ok. 40 min. <\/p>\n<p>WARTO\u015a\u0106 OD\u017bYWCZA W 100 g<br \/>Warto\u015b\u0107 energetyczna \t1550 kJ\/366 kcal<br \/>T\u0142uszcz \t3,6 g<br \/>w tym kwasy t\u0142uszczowe nasycone \t0,7 g<br \/>W\u0119glowodany \t73 g<br \/>w tym cukry \t0 g<br \/>B\u0142onnik \t1,4 g<br \/>Bia\u0142ko \t9,9 g<br \/>S\u00f3l \t0,03 g<\/p>\n<p>ZALECANE WARUNKI PRZECHOWYWANIA<br \/>Przechowywa\u0107 w suchym i ch\u0142odnym miejscu.<\/p>","protected":false},"excerpt":{"rendered":"<p>SK\u0141ADNIKIekologiczny ry\u017c czarny pe\u0142noziarnisty 100 %. OPISEkologiczny ry\u017c czarny pe\u0142noziarnisty charakteryzuje si\u0119 niezwyk\u0142ym orzechowym aromatem, dzi\u0119ki kt\u00f3remu harmonijnie wsp\u00f3\u0142gra z wieloma egzotycznymi potrawami. Najlepiej komponuje si\u0119 z dziczyzn\u0105, drobiem, rybami i owocami morza. Nadaje potrawom oryginalny wygl\u0105d i smak. SPOS\u00d3B PRZYGOTOWANIAUprzednio wyp\u0142ukany ry\u017c gotowa\u0107 w proporcji 1:2 (1 porcja ry\u017cu na 2 porcje wody) na [&hellip;]<\/p>","protected":false},"featured_media":523,"comment_status":"closed","ping_status":"open","template":"","meta":{"_acf_changed":false},"product_brand":[],"product_cat":[313],"product_tag":[],"class_list":{"0":"post-970","1":"product","2":"type-product","3":"status-publish","4":"has-post-thumbnail","6":"product_cat-ryze-i-kasze","7":"pa_ean-matka-600","8":"pa_gwarancja-przydatnosci-311","9":"pa_ilosc-w-opakowaniu-366","10":"pa_jednostka-podstawowa-szt","11":"pa_kod-cn-1006-20-98","12":"pa_kraj-pochodzenia-skladnikow-kambodza","13":"pa_masa-netto-209","14":"pa_objetosc-brutto-210","15":"pa_producent-bio-planet-seria-niebieska-ryze-kasze-ziarna","16":"pa_producent-nazwa-adres-bio-planet-s-a-wilkowa-wies-7-05-084-leszno","17":"pa_tagi-bez-cukru-w-skladnikach","18":"pa_tagi-bez-glutenu-w-skladnikach","19":"pa_tagi-certyfikat-bio","20":"pa_tagi-weganski","21":"pa_tagi-wegetarianski","23":"first","24":"instock","25":"taxable","26":"shipping-taxable","27":"purchasable","28":"product-type-simple"},"acf":[],"_links":{"self":[{"href":"https:\/\/wiejskieprzysmaki.estima.site\/en\/wp-json\/wp\/v2\/product\/970","targetHints":{"allow":["GET"]}}],"collection":[{"href":"https:\/\/wiejskieprzysmaki.estima.site\/en\/wp-json\/wp\/v2\/product"}],"about":[{"href":"https:\/\/wiejskieprzysmaki.estima.site\/en\/wp-json\/wp\/v2\/types\/product"}],"replies":[{"embeddable":true,"href":"https:\/\/wiejskieprzysmaki.estima.site\/en\/wp-json\/wp\/v2\/comments?post=970"}],"wp:featuredmedia":[{"embeddable":true,"href":"https:\/\/wiejskieprzysmaki.estima.site\/en\/wp-json\/wp\/v2\/media\/523"}],"wp:attachment":[{"href":"https:\/\/wiejskieprzysmaki.estima.site\/en\/wp-json\/wp\/v2\/media?parent=970"}],"wp:term":[{"taxonomy":"product_brand","embeddable":true,"href":"https:\/\/wiejskieprzysmaki.estima.site\/en\/wp-json\/wp\/v2\/product_brand?post=970"},{"taxonomy":"product_cat","embeddable":true,"href":"https:\/\/wiejskieprzysmaki.estima.site\/en\/wp-json\/wp\/v2\/product_cat?post=970"},{"taxonomy":"product_tag","embeddable":true,"href":"https:\/\/wiejskieprzysmaki.estima.site\/en\/wp-json\/wp\/v2\/product_tag?post=970"}],"curies":[{"name":"wp","href":"https:\/\/api.w.org\/{rel}","templated":true}]}}