{"id":9723,"date":"2025-02-18T12:09:30","date_gmt":"2025-02-18T11:09:30","guid":{"rendered":"https:\/\/wiejskieprzysmaki.estima.site\/produkt\/kulki-owocowo-orzechowe-bez-dodatku-cukrow-12-x-12-g-144-g-porcja-dobra\/"},"modified":"2025-02-18T12:09:34","modified_gmt":"2025-02-18T11:09:34","slug":"kulki-owocowo-orzechowe-bez-dodatku-cukrow-12-x-12-g-144-g-porcja-dobra","status":"publish","type":"product","link":"https:\/\/wiejskieprzysmaki.estima.site\/en\/product\/kulki-owocowo-orzechowe-bez-dodatku-cukrow-12-x-12-g-144-g-porcja-dobra\/","title":{"rendered":"KULKI OWOCOWO &#8211; ORZECHOWE BEZ DODATKU CUKR\u00d3W (12 x 12 g) 144 g &#8211; PORCJA DOBRA"},"content":{"rendered":"<p>SK\u0141ADNIKI <br \/>1 smak: daktyle (68 %), ORZECHY LASKOWE (15 %), karob w proszku (10 %), wi\u00f3rki kokosowe (7 %).<br \/>2 smak: daktyle (69 %), ORZECHY LASKOWE (20 %), wi\u00f3rki kokosowe (7 %), syrop z daktyli (4 %).<br \/>3 smak: daktyle (70 %), suszone truskawki (20 %), karob w proszku (10 %).<\/p>\n<p>OPIS <br \/>Zdrowa bombonierka (tzw. 12 kulek mocy w 3 smakach).<br \/>W \u015brodku zawiera unikatowy dodatek &#8211; &#8220;DOBROKART\u0118&#8221;.<br \/>Bez dodatku cukru. Zawiera naturalnie wyst\u0119puj\u0105ce cukry.<\/p>\n<p>WARTO\u015a\u0106 OD\u017bYWCZA W 100 g <br \/>Warto\u015b\u0107 energetyczna: 1549 kJ\/370 kcal <br \/>T\u0142uszcz: 12 g <br \/>w tym kwasy t\u0142uszczowe nasycone: 2,9 g<br \/>W\u0119glowodany: 61 g<br \/>w tym cukry: 44 g<br \/>Bia\u0142ko: 4,5 g<br \/>S\u00f3l: 0,02 g<\/p>\n<p>INFORMACJA ALERGENNA<br \/>Produkt moz\u0307e zawierac\u0301 inne orzechy.    <\/p>\n<p>UWAGA<br \/>Pomimo naszych stara\u0144 mo\u017ce zawiera\u0107 fragmenty pestek i \u0142upin.<\/p>\n<p>ZALECANE WARUNKI PRZECHOWYWANIA<br \/>Przechowywa\u0107 w suchym i ch\u0142odnym miejscu.<\/p>","protected":false},"excerpt":{"rendered":"<p>SK\u0141ADNIKI 1 smak: daktyle (68 %), ORZECHY LASKOWE (15 %), karob w proszku (10 %), wi\u00f3rki kokosowe (7 %).2 smak: daktyle (69 %), ORZECHY LASKOWE (20 %), wi\u00f3rki kokosowe (7 %), syrop z daktyli (4 %).3 smak: daktyle (70 %), suszone truskawki (20 %), karob w proszku (10 %). OPIS Zdrowa bombonierka (tzw. 12 kulek [&hellip;]<\/p>","protected":false},"featured_media":9724,"comment_status":"closed","ping_status":"open","template":"","meta":{"_acf_changed":false},"product_brand":[],"product_cat":[700,139],"product_tag":[],"class_list":{"0":"post-9723","1":"product","2":"type-product","3":"status-publish","4":"has-post-thumbnail","6":"product_cat-bakalie-w-czekol-i-kandyz","7":"product_cat-slodycze-i-przekaski","8":"pa_ean-matka-7405","9":"pa_gwarancja-przydatnosci-324","10":"pa_ilosc-w-opakowaniu-350","11":"pa_jednostka-podstawowa-szt","12":"pa_kod-cn-0813-50-91","13":"pa_masa-netto-7403","14":"pa_objetosc-brutto-7404","15":"pa_producent-porcja-dobra-przekaski-owocowe","16":"pa_producent-nazwa-adres-pure-life-spolka-z-ograniczona-odpowiedzialnoscia-spolka-komandytowa-ul-warszawska-42-16-070-choroszcz","17":"pa_tagi-bez-cukru-w-skladnikach","18":"pa_tagi-bez-glutenu-w-skladnikach","19":"pa_tagi-weganski","20":"pa_tagi-wegetarianski","22":"first","23":"instock","24":"taxable","25":"shipping-taxable","26":"purchasable","27":"product-type-simple"},"acf":[],"_links":{"self":[{"href":"https:\/\/wiejskieprzysmaki.estima.site\/en\/wp-json\/wp\/v2\/product\/9723","targetHints":{"allow":["GET"]}}],"collection":[{"href":"https:\/\/wiejskieprzysmaki.estima.site\/en\/wp-json\/wp\/v2\/product"}],"about":[{"href":"https:\/\/wiejskieprzysmaki.estima.site\/en\/wp-json\/wp\/v2\/types\/product"}],"replies":[{"embeddable":true,"href":"https:\/\/wiejskieprzysmaki.estima.site\/en\/wp-json\/wp\/v2\/comments?post=9723"}],"wp:featuredmedia":[{"embeddable":true,"href":"https:\/\/wiejskieprzysmaki.estima.site\/en\/wp-json\/wp\/v2\/media\/9724"}],"wp:attachment":[{"href":"https:\/\/wiejskieprzysmaki.estima.site\/en\/wp-json\/wp\/v2\/media?parent=9723"}],"wp:term":[{"taxonomy":"product_brand","embeddable":true,"href":"https:\/\/wiejskieprzysmaki.estima.site\/en\/wp-json\/wp\/v2\/product_brand?post=9723"},{"taxonomy":"product_cat","embeddable":true,"href":"https:\/\/wiejskieprzysmaki.estima.site\/en\/wp-json\/wp\/v2\/product_cat?post=9723"},{"taxonomy":"product_tag","embeddable":true,"href":"https:\/\/wiejskieprzysmaki.estima.site\/en\/wp-json\/wp\/v2\/product_tag?post=9723"}],"curies":[{"name":"wp","href":"https:\/\/api.w.org\/{rel}","templated":true}]}}