{"id":973,"date":"2025-02-18T10:33:20","date_gmt":"2025-02-18T09:33:20","guid":{"rendered":"https:\/\/wiejskieprzysmaki.estima.site\/produkt\/len-zloty-bio-1-kg-bio-planet\/"},"modified":"2025-02-18T10:33:30","modified_gmt":"2025-02-18T09:33:30","slug":"len-zloty-bio-1-kg-bio-planet","status":"publish","type":"product","link":"https:\/\/wiejskieprzysmaki.estima.site\/en\/product\/len-zloty-bio-1-kg-bio-planet\/","title":{"rendered":"LEN Z\u0141OTY BIO 1 kg &#8211; BIO PLANET"},"content":{"rendered":"<p>SK\u0141ADNIKI  <br \/>ekologiczny len z\u0142oty 100 %.<\/p>\n<p>OPIS  <br \/>Stosowa\u0107 tylko do gotowania i pieczenia. Nie spo\u017cywa\u0107 na surowo! <br \/>Polecamy jako dodatek do zup, pieczywa, ciast i ciasteczek. \t<\/p>\n<p>WARTO\u015a\u0106 OD\u017bYWCZA W 100 g  <br \/>Warto\u015b\u0107 energetyczna &#8211; 2056 kJ \/ 498 kcal  <br \/>T\u0142uszcz &#8211; 37 g  <br \/>w tym kwasy t\u0142uszczowe nasycone &#8211; 4,7 g  <br \/>W\u0119glowodany &#8211; 4,2 g  <br \/>w tym cukry &#8211; 1,7 g  <br \/>B\u0142onnik &#8211; 26 g  <br \/>Bia\u0142ko &#8211; 24 g  <br \/>S\u00f3l &#8211; 0,11 g<\/p>\n<p>ZALECANE WARUNKI PRZECHOWYWANIA  <br \/>Przechowywa\u0107 w suchym i ch\u0142odnym miejscu.  <\/p>","protected":false},"excerpt":{"rendered":"<p>SK\u0141ADNIKI ekologiczny len z\u0142oty 100 %. OPIS Stosowa\u0107 tylko do gotowania i pieczenia. Nie spo\u017cywa\u0107 na surowo! Polecamy jako dodatek do zup, pieczywa, ciast i ciasteczek. WARTO\u015a\u0106 OD\u017bYWCZA W 100 g Warto\u015b\u0107 energetyczna &#8211; 2056 kJ \/ 498 kcal T\u0142uszcz &#8211; 37 g w tym kwasy t\u0142uszczowe nasycone &#8211; 4,7 g W\u0119glowodany &#8211; 4,2 g [&hellip;]<\/p>","protected":false},"featured_media":525,"comment_status":"closed","ping_status":"open","template":"","meta":{"_acf_changed":false},"product_brand":[],"product_cat":[151],"product_tag":[],"class_list":{"0":"post-973","1":"product","2":"type-product","3":"status-publish","4":"has-post-thumbnail","6":"product_cat-nasiona-i-ziarna","7":"pa_ean-matka-601","8":"pa_ean-matka-563","9":"pa_gwarancja-przydatnosci-320","10":"pa_ilosc-w-opakowaniu-298","11":"pa_jednostka-podstawowa-szt","12":"pa_kod-cn-1204-00-90","13":"pa_kraj-pochodzenia-skladnikow-moldawia","14":"pa_masa-netto-209","15":"pa_objetosc-brutto-210","16":"pa_producent-bio-planet-seria-niebieska-ryze-kasze-ziarna","17":"pa_producent-nazwa-adres-bio-planet-s-a-wilkowa-wies-7-05-084-leszno","18":"pa_tagi-bez-cukru-w-skladnikach","19":"pa_tagi-bez-glutenu-w-skladnikach","20":"pa_tagi-certyfikat-bio","21":"pa_tagi-weganski","22":"pa_tagi-wegetarianski","24":"first","25":"instock","26":"taxable","27":"shipping-taxable","28":"purchasable","29":"product-type-simple"},"acf":[],"_links":{"self":[{"href":"https:\/\/wiejskieprzysmaki.estima.site\/en\/wp-json\/wp\/v2\/product\/973","targetHints":{"allow":["GET"]}}],"collection":[{"href":"https:\/\/wiejskieprzysmaki.estima.site\/en\/wp-json\/wp\/v2\/product"}],"about":[{"href":"https:\/\/wiejskieprzysmaki.estima.site\/en\/wp-json\/wp\/v2\/types\/product"}],"replies":[{"embeddable":true,"href":"https:\/\/wiejskieprzysmaki.estima.site\/en\/wp-json\/wp\/v2\/comments?post=973"}],"wp:featuredmedia":[{"embeddable":true,"href":"https:\/\/wiejskieprzysmaki.estima.site\/en\/wp-json\/wp\/v2\/media\/525"}],"wp:attachment":[{"href":"https:\/\/wiejskieprzysmaki.estima.site\/en\/wp-json\/wp\/v2\/media?parent=973"}],"wp:term":[{"taxonomy":"product_brand","embeddable":true,"href":"https:\/\/wiejskieprzysmaki.estima.site\/en\/wp-json\/wp\/v2\/product_brand?post=973"},{"taxonomy":"product_cat","embeddable":true,"href":"https:\/\/wiejskieprzysmaki.estima.site\/en\/wp-json\/wp\/v2\/product_cat?post=973"},{"taxonomy":"product_tag","embeddable":true,"href":"https:\/\/wiejskieprzysmaki.estima.site\/en\/wp-json\/wp\/v2\/product_tag?post=973"}],"curies":[{"name":"wp","href":"https:\/\/api.w.org\/{rel}","templated":true}]}}