{"id":9731,"date":"2025-02-18T12:09:30","date_gmt":"2025-02-18T11:09:30","guid":{"rendered":"https:\/\/wiejskieprzysmaki.estima.site\/produkt\/mus-mango-malpka-mango-jogurt-bez-dodatku-cukrow-od-8-miesiaca-bio-85-g-holle\/"},"modified":"2025-02-18T12:09:41","modified_gmt":"2025-02-18T11:09:41","slug":"mus-mango-malpka-mango-jogurt-bez-dodatku-cukrow-od-8-miesiaca-bio-85-g-holle","status":"publish","type":"product","link":"https:\/\/wiejskieprzysmaki.estima.site\/en\/product\/mus-mango-malpka-mango-jogurt-bez-dodatku-cukrow-od-8-miesiaca-bio-85-g-holle\/","title":{"rendered":"MUS MANGO MA\u0141PKA (MANGO &#8211; JOGURT) BEZ DODATKU CUKR\u00d3W OD 8 MIESI\u0104CA BIO 85 g &#8211; HOLLE"},"content":{"rendered":"<p>SK\u0141ADNIKI<br \/>przecier z mango* 58 %, JOGURT* (pasteryzowany) 39 %, skrobia*, koncentrat soku z cytryny*. (* sk\u0142adnik z rolnictwa ekologicznego)<\/p>\n<p>OPIS<br \/>\u017bywno\u015b\u0107 przeznaczona dla niemowl\u0105t i ma\u0142ych dzieci, od 8 miesi\u0105ca.<br \/>Mus z jogurtem jest sposobem na nauk\u0119 prawid\u0142owych nawyk\u00f3w \u017cywieniowych, wspieraj\u0105cych zdrowy rozw\u00f3j dziecka. W sk\u0142adzie musu znajduj\u0105 si\u0119 uwielbiane przez najm\u0142odszych mango.<br \/>Pakowano w atmosferze ochronnej. Bez dodatku cukr\u00f3w. Zawiera naturalnie wyst\u0119puj\u0105ce cukry.<\/p>\n<p>WARTO\u015a\u0106 OD\u017bYWCZA W 100 g <br \/>Warto\u015b\u0107 energetyczna: 290 kJ\/69 kcal<br \/>T\u0142uszcz: 2,1 g<br \/>w tym kwasy t\u0142uszczowe nasycone: 1,4 g<br \/>W\u0119glowodany: 9,9 g<br \/>w tym cukry: 9,0 g<br \/>Bia\u0142ko: 2,2 g<br \/>S\u00f3l: 0,04 g<br \/>S\u00f3d: 0,016 g<\/p>\n<p>UWAGA<br \/>Mus nale\u017cy podawa\u0107 \u0142y\u017ceczk\u0105. <br \/>Nie nale\u017cy ssa\u0107 musu bezpo\u015brednio z opakowania przez d\u0142u\u017cszy czas, poniewa\u017c mo\u017ce to doprowadzi\u0107 do pr\u00f3chnicy z\u0119b\u00f3w.<\/p>\n<p>ZALECANE WARUNKI PRZECHOWYWANIA<br \/>Przechowywa\u0107 w suchym, ch\u0142odnym i zacienionym miejscu. Po otwarciu przechowywa\u0107 w lod\u00f3wce i spo\u017cy\u0107 w ci\u0105gu 24 godzin.<\/p>","protected":false},"excerpt":{"rendered":"<p>SK\u0141ADNIKIprzecier z mango* 58 %, JOGURT* (pasteryzowany) 39 %, skrobia*, koncentrat soku z cytryny*. (* sk\u0142adnik z rolnictwa ekologicznego) OPIS\u017bywno\u015b\u0107 przeznaczona dla niemowl\u0105t i ma\u0142ych dzieci, od 8 miesi\u0105ca.Mus z jogurtem jest sposobem na nauk\u0119 prawid\u0142owych nawyk\u00f3w \u017cywieniowych, wspieraj\u0105cych zdrowy rozw\u00f3j dziecka. W sk\u0142adzie musu znajduj\u0105 si\u0119 uwielbiane przez najm\u0142odszych mango.Pakowano w atmosferze ochronnej. Bez [&hellip;]<\/p>","protected":false},"featured_media":9732,"comment_status":"closed","ping_status":"open","template":"","meta":{"_acf_changed":false},"product_brand":[],"product_cat":[1236,1237],"product_tag":[],"class_list":{"0":"post-9731","1":"product","2":"type-product","3":"status-publish","4":"has-post-thumbnail","6":"product_cat-produkty-dla-dzieci","7":"product_cat-zywnosc","8":"pa_ean-matka-7410","9":"pa_gwarancja-przydatnosci-311","10":"pa_ilosc-w-opakowaniu-350","11":"pa_jednostka-podstawowa-szt","12":"pa_kod-cn-0403-90-91","13":"pa_kraj-pochodzenia-skladnikow-turcja","14":"pa_masa-netto-7406","15":"pa_objetosc-brutto-1154","16":"pa_producent-holle-zywnosc-dla-niemowlat","17":"pa_producent-nazwa-adres-holle-europe-gmbh-berner-weg-23-79539-loerrach-deutschland","18":"pa_tagi-bez-cukru-w-skladnikach","19":"pa_tagi-bez-glutenu-w-skladnikach","20":"pa_tagi-certyfikat-bio","21":"pa_tagi-wegetarianski","23":"first","24":"instock","25":"taxable","26":"shipping-taxable","27":"purchasable","28":"product-type-simple"},"acf":[],"_links":{"self":[{"href":"https:\/\/wiejskieprzysmaki.estima.site\/en\/wp-json\/wp\/v2\/product\/9731","targetHints":{"allow":["GET"]}}],"collection":[{"href":"https:\/\/wiejskieprzysmaki.estima.site\/en\/wp-json\/wp\/v2\/product"}],"about":[{"href":"https:\/\/wiejskieprzysmaki.estima.site\/en\/wp-json\/wp\/v2\/types\/product"}],"replies":[{"embeddable":true,"href":"https:\/\/wiejskieprzysmaki.estima.site\/en\/wp-json\/wp\/v2\/comments?post=9731"}],"wp:featuredmedia":[{"embeddable":true,"href":"https:\/\/wiejskieprzysmaki.estima.site\/en\/wp-json\/wp\/v2\/media\/9732"}],"wp:attachment":[{"href":"https:\/\/wiejskieprzysmaki.estima.site\/en\/wp-json\/wp\/v2\/media?parent=9731"}],"wp:term":[{"taxonomy":"product_brand","embeddable":true,"href":"https:\/\/wiejskieprzysmaki.estima.site\/en\/wp-json\/wp\/v2\/product_brand?post=9731"},{"taxonomy":"product_cat","embeddable":true,"href":"https:\/\/wiejskieprzysmaki.estima.site\/en\/wp-json\/wp\/v2\/product_cat?post=9731"},{"taxonomy":"product_tag","embeddable":true,"href":"https:\/\/wiejskieprzysmaki.estima.site\/en\/wp-json\/wp\/v2\/product_tag?post=9731"}],"curies":[{"name":"wp","href":"https:\/\/api.w.org\/{rel}","templated":true}]}}