{"id":9737,"date":"2025-02-18T12:09:30","date_gmt":"2025-02-18T11:09:30","guid":{"rendered":"https:\/\/wiejskieprzysmaki.estima.site\/produkt\/ciasteczka-mala-farma-od-10-miesiaca-demeter-bio-100-g-holle\/"},"modified":"2025-02-18T12:09:48","modified_gmt":"2025-02-18T11:09:48","slug":"ciasteczka-mala-farma-od-10-miesiaca-demeter-bio-100-g-holle","status":"publish","type":"product","link":"https:\/\/wiejskieprzysmaki.estima.site\/en\/product\/ciasteczka-mala-farma-od-10-miesiaca-demeter-bio-100-g-holle\/","title":{"rendered":"CIASTECZKA MA\u0141A FARMA OD 10 MIESI\u0104CA DEMETER BIO 100 g &#8211; HOLLE"},"content":{"rendered":"<p>SK\u0141ADNIKI<br \/>m\u0105ka z PSZENICY ORKISZ** (63 %), melasa ry\u017cowa*, MAS\u0141O**, banan w proszku*, substancja spulchniaj\u0105ca: wodorow\u0119glan sodu, tiamina (witamina B1). (* sk\u0142adniki z rolnictwa ekologicznego; ** sk\u0142adniki z rolnictwa biodynamicznego) (Demeter-\u0142\u0105czny udzia\u0142 76 %).<\/p>\n<p>OPIS<br \/>\u017bywno\u015b\u0107 przeznaczona dla niemowl\u0105t i ma\u0142ych dzieci, od 10 miesi\u0105ca.<br \/>Zdrowa przek\u0105ska, kt\u00f3r\u0105 mo\u017cna podawa\u0107 dziecku, by wyrobi\u0107 w nim prawid\u0142owe nawyki \u017cywieniowe. Ciasteczka maj\u0105 s\u0142odki smak, dzi\u0119ki dodatkowi sproszkowanego banana.<br \/>Pakowano w atmosferze ochronnej. <\/p>\n<p>WARTO\u015a\u0106 OD\u017bYWCZA W 100 g<br \/>Warto\u015b\u0107 energetyczna: 1853 kJ\/440 kcal<br \/>T\u0142uszcz: 13 g<br \/>w tym kwasy t\u0142uszczowe nasycone: 8,6 g<br \/>W\u0119glowodany: 71 g<br \/>w tym cukry: 14 g<br \/>Bia\u0142ko: 8,3 g<br \/>S\u00f3l: 0,2 g<br \/>S\u00f3d: 0,08 g<br \/>Tiamina: 0,65 mg<\/p>\n<p>INFORMACJA ALERGENNA<br \/>Mo\u017ce zawiera\u0107 JAJA, SOJ\u0118, MIGDA\u0141Y, ORZECHY LASKOWE, ORZECHY brazylijskie<\/p>\n<p>UWAGA<br \/>Nie zostawia\u0107 dziecka bez opieki podczas jedzenia, aby zmniejszy\u0107 ryzyko zad\u0142awienia si\u0119.<br \/>Nale\u017cy dba\u0107 o higien\u0119 jamy ustnej od pierwszego z\u0105bka dziecka.<br \/>Produkt pakowany jest wed\u0142ug wagi, a nie obj\u0119to\u015bci.<\/p>\n<p>ZALECANE WARUNKI PRZECHOWYWANIA<br \/>Przechowywa\u0107 w suchym i ch\u0142odnym miejscu. Po otwarciu przechowywa\u0107 szczelnie zamkni\u0119te i spo\u017cy\u0107 w ci\u0105gu kilku dni.<\/p>","protected":false},"excerpt":{"rendered":"<p>SK\u0141ADNIKIm\u0105ka z PSZENICY ORKISZ** (63 %), melasa ry\u017cowa*, MAS\u0141O**, banan w proszku*, substancja spulchniaj\u0105ca: wodorow\u0119glan sodu, tiamina (witamina B1). (* sk\u0142adniki z rolnictwa ekologicznego; ** sk\u0142adniki z rolnictwa biodynamicznego) (Demeter-\u0142\u0105czny udzia\u0142 76 %). OPIS\u017bywno\u015b\u0107 przeznaczona dla niemowl\u0105t i ma\u0142ych dzieci, od 10 miesi\u0105ca.Zdrowa przek\u0105ska, kt\u00f3r\u0105 mo\u017cna podawa\u0107 dziecku, by wyrobi\u0107 w nim prawid\u0142owe nawyki \u017cywieniowe. [&hellip;]<\/p>","protected":false},"featured_media":9738,"comment_status":"closed","ping_status":"open","template":"","meta":{"_acf_changed":false},"product_brand":[],"product_cat":[1236,1237],"product_tag":[],"class_list":{"0":"post-9737","1":"product","2":"type-product","3":"status-publish","4":"has-post-thumbnail","6":"product_cat-produkty-dla-dzieci","7":"product_cat-zywnosc","8":"pa_ean-matka-7413","9":"pa_gwarancja-przydatnosci-311","10":"pa_ilosc-w-opakowaniu-331","11":"pa_jednostka-podstawowa-szt","12":"pa_kod-cn-1905-31-30","13":"pa_kraj-pochodzenia-skladnikow-turcja","14":"pa_masa-netto-242","15":"pa_objetosc-brutto-5178","16":"pa_producent-holle-zywnosc-dla-niemowlat","17":"pa_producent-nazwa-adres-holle-europe-gmbh-berner-weg-23-79539-loerrach-deutschland","18":"pa_tagi-certyfikat-bio","19":"pa_tagi-wegetarianski","21":"first","22":"instock","23":"taxable","24":"shipping-taxable","25":"purchasable","26":"product-type-simple"},"acf":[],"_links":{"self":[{"href":"https:\/\/wiejskieprzysmaki.estima.site\/en\/wp-json\/wp\/v2\/product\/9737","targetHints":{"allow":["GET"]}}],"collection":[{"href":"https:\/\/wiejskieprzysmaki.estima.site\/en\/wp-json\/wp\/v2\/product"}],"about":[{"href":"https:\/\/wiejskieprzysmaki.estima.site\/en\/wp-json\/wp\/v2\/types\/product"}],"replies":[{"embeddable":true,"href":"https:\/\/wiejskieprzysmaki.estima.site\/en\/wp-json\/wp\/v2\/comments?post=9737"}],"wp:featuredmedia":[{"embeddable":true,"href":"https:\/\/wiejskieprzysmaki.estima.site\/en\/wp-json\/wp\/v2\/media\/9738"}],"wp:attachment":[{"href":"https:\/\/wiejskieprzysmaki.estima.site\/en\/wp-json\/wp\/v2\/media?parent=9737"}],"wp:term":[{"taxonomy":"product_brand","embeddable":true,"href":"https:\/\/wiejskieprzysmaki.estima.site\/en\/wp-json\/wp\/v2\/product_brand?post=9737"},{"taxonomy":"product_cat","embeddable":true,"href":"https:\/\/wiejskieprzysmaki.estima.site\/en\/wp-json\/wp\/v2\/product_cat?post=9737"},{"taxonomy":"product_tag","embeddable":true,"href":"https:\/\/wiejskieprzysmaki.estima.site\/en\/wp-json\/wp\/v2\/product_tag?post=9737"}],"curies":[{"name":"wp","href":"https:\/\/api.w.org\/{rel}","templated":true}]}}