{"id":9747,"date":"2025-02-18T12:09:55","date_gmt":"2025-02-18T11:09:55","guid":{"rendered":"https:\/\/wiejskieprzysmaki.estima.site\/produkt\/cynamon-cejlonski-mielony-bezglutenowy-bio-75-g-piec-przemian\/"},"modified":"2025-02-18T12:10:06","modified_gmt":"2025-02-18T11:10:06","slug":"cynamon-cejlonski-mielony-bezglutenowy-bio-75-g-piec-przemian","status":"publish","type":"product","link":"https:\/\/wiejskieprzysmaki.estima.site\/en\/product\/cynamon-cejlonski-mielony-bezglutenowy-bio-75-g-piec-przemian\/","title":{"rendered":"CYNAMON CEJLO\u0143SKI MIELONY BEZGLUTENOWY BIO 75 g &#8211; PI\u0118\u0106 PRZEMIAN"},"content":{"rendered":"<p>SK\u0141ADNIKI<br \/>cynamon cejlo\u0144ski mielony* 100 %. (*certyfikowany sk\u0142adnik ekologiczny)<\/p>\n<p>OPIS<br \/>Cynamonem mo\u017cna przyprawia\u0107 wszystkie potrawy s\u0142odzone, np. budynie, napoje mleczne, ciastka, czekolad\u0119. Niewielk\u0105 ilo\u015b\u0107 cynamonu dodaje si\u0119 do gulaszu, baraniny, wo\u0142owiny, gotowanej ryby, szynki.<\/p>\n<p>INFORMACJA ALERGENNA<br \/>Mo\u017ce zawiera\u0107 orzechy.<\/p>\n<p>ZALECANE WARUNKI PRZECHOWYWANIA<br \/>Przechowywa\u0107 w suchym i ch\u0142odnym miejscu, szczelnie zamkni\u0119te.<\/p>","protected":false},"excerpt":{"rendered":"<p>SK\u0141ADNIKIcynamon cejlo\u0144ski mielony* 100 %. (*certyfikowany sk\u0142adnik ekologiczny) OPISCynamonem mo\u017cna przyprawia\u0107 wszystkie potrawy s\u0142odzone, np. budynie, napoje mleczne, ciastka, czekolad\u0119. Niewielk\u0105 ilo\u015b\u0107 cynamonu dodaje si\u0119 do gulaszu, baraniny, wo\u0142owiny, gotowanej ryby, szynki. INFORMACJA ALERGENNAMo\u017ce zawiera\u0107 orzechy. ZALECANE WARUNKI PRZECHOWYWANIAPrzechowywa\u0107 w suchym i ch\u0142odnym miejscu, szczelnie zamkni\u0119te.<\/p>","protected":false},"featured_media":9748,"comment_status":"closed","ping_status":"open","template":"","meta":{"_acf_changed":false},"product_brand":[],"product_cat":[238,229],"product_tag":[],"class_list":{"0":"post-9747","1":"product","2":"type-product","3":"status-publish","4":"has-post-thumbnail","6":"product_cat-jednorodne","7":"product_cat-przyprawy-i-ziola","8":"pa_ean-matka-7421","9":"pa_gwarancja-przydatnosci-320","10":"pa_ilosc-w-opakowaniu-327","11":"pa_jednostka-podstawowa-szt","12":"pa_kod-cn-0906-20-00","13":"pa_masa-netto-1377","14":"pa_objetosc-brutto-1429","15":"pa_producent-piec-przemian-produkty-spozywcze","16":"pa_producent-nazwa-adres-simpatiko-sp-z-o-o-ul-luze-20-05-092-dabrowa","17":"pa_tagi-bez-cukru-w-skladnikach","18":"pa_tagi-bez-glutenu-deklaracja","19":"pa_tagi-bez-glutenu-w-skladnikach","20":"pa_tagi-certyfikat-bio","21":"pa_tagi-weganski","22":"pa_tagi-wegetarianski","24":"first","25":"instock","26":"taxable","27":"shipping-taxable","28":"purchasable","29":"product-type-simple"},"acf":[],"_links":{"self":[{"href":"https:\/\/wiejskieprzysmaki.estima.site\/en\/wp-json\/wp\/v2\/product\/9747","targetHints":{"allow":["GET"]}}],"collection":[{"href":"https:\/\/wiejskieprzysmaki.estima.site\/en\/wp-json\/wp\/v2\/product"}],"about":[{"href":"https:\/\/wiejskieprzysmaki.estima.site\/en\/wp-json\/wp\/v2\/types\/product"}],"replies":[{"embeddable":true,"href":"https:\/\/wiejskieprzysmaki.estima.site\/en\/wp-json\/wp\/v2\/comments?post=9747"}],"wp:featuredmedia":[{"embeddable":true,"href":"https:\/\/wiejskieprzysmaki.estima.site\/en\/wp-json\/wp\/v2\/media\/9748"}],"wp:attachment":[{"href":"https:\/\/wiejskieprzysmaki.estima.site\/en\/wp-json\/wp\/v2\/media?parent=9747"}],"wp:term":[{"taxonomy":"product_brand","embeddable":true,"href":"https:\/\/wiejskieprzysmaki.estima.site\/en\/wp-json\/wp\/v2\/product_brand?post=9747"},{"taxonomy":"product_cat","embeddable":true,"href":"https:\/\/wiejskieprzysmaki.estima.site\/en\/wp-json\/wp\/v2\/product_cat?post=9747"},{"taxonomy":"product_tag","embeddable":true,"href":"https:\/\/wiejskieprzysmaki.estima.site\/en\/wp-json\/wp\/v2\/product_tag?post=9747"}],"curies":[{"name":"wp","href":"https:\/\/api.w.org\/{rel}","templated":true}]}}