{"id":9759,"date":"2025-02-18T12:09:55","date_gmt":"2025-02-18T11:09:55","guid":{"rendered":"https:\/\/wiejskieprzysmaki.estima.site\/produkt\/herbatka-rooibos-o-smaku-karmelowym-rooibos-caramel-bio-20-x-15-g-30-g-diet-food\/"},"modified":"2025-02-18T12:10:25","modified_gmt":"2025-02-18T11:10:25","slug":"herbatka-rooibos-o-smaku-karmelowym-rooibos-caramel-bio-20-x-15-g-30-g-diet-food","status":"publish","type":"product","link":"https:\/\/wiejskieprzysmaki.estima.site\/en\/product\/herbatka-rooibos-o-smaku-karmelowym-rooibos-caramel-bio-20-x-15-g-30-g-diet-food\/","title":{"rendered":"HERBATKA ROOIBOS O SMAKU KARMELOWYM (ROOIBOS CARAMEL) BIO (20 x 1,5 g) 30 g &#8211; DIET-FOOD"},"content":{"rendered":"<p>SK\u0141ADNIKI <br \/>rooibos* 95,5 %, naturalny aromat karmelowy 4,5 %. (*certyfikowany sk\u0142adnik ekologiczny)<\/p>\n<p>OPIS <br \/>Ciesz si\u0119 cudownym aromatem w ka\u017cdym \u0142yku naszych herbatek zio\u0142owych i odkryj przyjemno\u015b\u0107 p\u0142yn\u0105c\u0105 z harmonii smaku i natury. Ka\u017cdy kubek to niepowtarzalna podr\u00f3\u017c przez unikalne zestawienie r\u00f3\u017cnych sk\u0142adnik\u00f3w. <br \/>Bio Rooibos Caramel to niezwyk\u0142a herbatka, kt\u00f3ra \u0142\u0105czy w sobie natur\u0119 i wyj\u0105tkowy smak. Skomponowana g\u0142\u00f3wnie z ekologicznego rooibosu i subtelnego naturalnego aromatu karmelowego, oferuje niezapomniane doznania smakowe. <br \/>Rooibos jest pozbawiony kofeiny, co sprawia, \u017ce to idealny nap\u00f3j na r\u00f3\u017cne pory dnia. <br \/>Delikatna nuta karmelu doskonale komponuje si\u0119 z g\u0142\u0119bokim smakiem rooibosu. To niezwyk\u0142e do\u015bwiadczenie smakowe, kt\u00f3re mo\u017cna doceni\u0107 o ka\u017cdej porze dnia. <\/p>\n<p>SPOS\u00d3B PRZYGOTOWANIA <br \/>Herbatk\u0119 zalej 200 ml wrz\u0105cej wody i zaparzaj 3-5 minut.<\/p>\n<p>ZALECANE WARUNKI PRZECHOWYWANIA<br \/>Przechowywa\u0107 w suchym i zacienionym miejscu. Po otwarciu przechowywa\u0107 w szczelnie zamkni\u0119tym opakowaniu.<\/p>","protected":false},"excerpt":{"rendered":"<p>SK\u0141ADNIKI rooibos* 95,5 %, naturalny aromat karmelowy 4,5 %. (*certyfikowany sk\u0142adnik ekologiczny) OPIS Ciesz si\u0119 cudownym aromatem w ka\u017cdym \u0142yku naszych herbatek zio\u0142owych i odkryj przyjemno\u015b\u0107 p\u0142yn\u0105c\u0105 z harmonii smaku i natury. Ka\u017cdy kubek to niepowtarzalna podr\u00f3\u017c przez unikalne zestawienie r\u00f3\u017cnych sk\u0142adnik\u00f3w. Bio Rooibos Caramel to niezwyk\u0142a herbatka, kt\u00f3ra \u0142\u0105czy w sobie natur\u0119 i wyj\u0105tkowy [&hellip;]<\/p>","protected":false},"featured_media":9760,"comment_status":"closed","ping_status":"open","template":"","meta":{"_acf_changed":false},"product_brand":[],"product_cat":[2306,282],"product_tag":[],"class_list":{"0":"post-9759","1":"product","2":"type-product","3":"status-publish","4":"has-post-thumbnail","6":"product_cat-biale-czerwone-rooibos","7":"product_cat-herbaty-i-ziola","8":"pa_ean-matka-7430","9":"pa_gwarancja-przydatnosci-522","10":"pa_ilosc-w-opakowaniu-374","11":"pa_jednostka-podstawowa-szt","12":"pa_kod-cn-1211-90-86","13":"pa_masa-netto-232","14":"pa_objetosc-brutto-4942","15":"pa_producent-diet-food","16":"pa_producent-nazwa-adres-mipama-e-z-szafarz-spolka-jawna-rogatka-7a-62-860-opatowek","17":"pa_tagi-bez-cukru-w-skladnikach","18":"pa_tagi-bez-glutenu-w-skladnikach","19":"pa_tagi-certyfikat-bio","20":"pa_tagi-weganski","21":"pa_tagi-wegetarianski","23":"first","24":"instock","25":"taxable","26":"shipping-taxable","27":"purchasable","28":"product-type-simple"},"acf":[],"_links":{"self":[{"href":"https:\/\/wiejskieprzysmaki.estima.site\/en\/wp-json\/wp\/v2\/product\/9759","targetHints":{"allow":["GET"]}}],"collection":[{"href":"https:\/\/wiejskieprzysmaki.estima.site\/en\/wp-json\/wp\/v2\/product"}],"about":[{"href":"https:\/\/wiejskieprzysmaki.estima.site\/en\/wp-json\/wp\/v2\/types\/product"}],"replies":[{"embeddable":true,"href":"https:\/\/wiejskieprzysmaki.estima.site\/en\/wp-json\/wp\/v2\/comments?post=9759"}],"wp:featuredmedia":[{"embeddable":true,"href":"https:\/\/wiejskieprzysmaki.estima.site\/en\/wp-json\/wp\/v2\/media\/9760"}],"wp:attachment":[{"href":"https:\/\/wiejskieprzysmaki.estima.site\/en\/wp-json\/wp\/v2\/media?parent=9759"}],"wp:term":[{"taxonomy":"product_brand","embeddable":true,"href":"https:\/\/wiejskieprzysmaki.estima.site\/en\/wp-json\/wp\/v2\/product_brand?post=9759"},{"taxonomy":"product_cat","embeddable":true,"href":"https:\/\/wiejskieprzysmaki.estima.site\/en\/wp-json\/wp\/v2\/product_cat?post=9759"},{"taxonomy":"product_tag","embeddable":true,"href":"https:\/\/wiejskieprzysmaki.estima.site\/en\/wp-json\/wp\/v2\/product_tag?post=9759"}],"curies":[{"name":"wp","href":"https:\/\/api.w.org\/{rel}","templated":true}]}}