{"id":976,"date":"2025-02-18T10:33:20","date_gmt":"2025-02-18T09:33:20","guid":{"rendered":"https:\/\/wiejskieprzysmaki.estima.site\/produkt\/daktyle-sproszkowane-bio-800-g-bio-planet\/"},"modified":"2025-02-18T10:33:31","modified_gmt":"2025-02-18T09:33:31","slug":"daktyle-sproszkowane-bio-800-g-bio-planet","status":"publish","type":"product","link":"https:\/\/wiejskieprzysmaki.estima.site\/en\/product\/daktyle-sproszkowane-bio-800-g-bio-planet\/","title":{"rendered":"DAKTYLE SPROSZKOWANE BIO 800 g &#8211; BIO PLANET"},"content":{"rendered":"<p>SK\u0141ADNIKI<br \/>ekologiczne daktyle sproszkowane 100 %.<\/p>\n<p>OPIS<br \/>Ekologiczne daktyle w formie sproszkowanej charakteryzuj\u0105 si\u0119 lekko s\u0142odkim smakiem z nutk\u0105 toffi. Stanowi\u0105 idealny dodatek do wypiek\u00f3w, deser\u00f3w, jogurt\u00f3w, musli, a tak\u017ce da\u0144 orientalnych. Nie rozpuszczaj\u0105 si\u0119 w zimnych i ciep\u0142ych napojach.<\/p>\n<p>WARTO\u015a\u0106 OD\u017bYWCZA W 100 g<br \/>Warto\u015b\u0107 energetyczna\t1512 kJ\/357 kcal<br \/>T\u0142uszcz \t0 g<br \/>w tym kwasy t\u0142uszczowe nasycone \t0 g<br \/>W\u0119glowodany \t80 g<br \/>w tym cukry \t74 g<br \/>B\u0142onnik\t11 g<br \/>Bia\u0142ko \t2,7 g<br \/>S\u00f3l \t0,02 g<\/p>\n<p>ZALECANE WARUNKI PRZECHOWYWANIA<br \/>Przechowywa\u0107 w suchym i ch\u0142odnym miejscu.<\/p>","protected":false},"excerpt":{"rendered":"<p>SK\u0141ADNIKIekologiczne daktyle sproszkowane 100 %. OPISEkologiczne daktyle w formie sproszkowanej charakteryzuj\u0105 si\u0119 lekko s\u0142odkim smakiem z nutk\u0105 toffi. Stanowi\u0105 idealny dodatek do wypiek\u00f3w, deser\u00f3w, jogurt\u00f3w, musli, a tak\u017ce da\u0144 orientalnych. Nie rozpuszczaj\u0105 si\u0119 w zimnych i ciep\u0142ych napojach. WARTO\u015a\u0106 OD\u017bYWCZA W 100 gWarto\u015b\u0107 energetyczna 1512 kJ\/357 kcalT\u0142uszcz 0 gw tym kwasy t\u0142uszczowe nasycone 0 gW\u0119glowodany [&hellip;]<\/p>","protected":false},"featured_media":977,"comment_status":"closed","ping_status":"open","template":"","meta":{"_acf_changed":false},"product_brand":[],"product_cat":[329,304],"product_tag":[],"class_list":{"0":"post-976","1":"product","2":"type-product","3":"status-publish","4":"has-post-thumbnail","6":"product_cat-cukry-slodziki-owoce-sproszkowane","7":"product_cat-slodziki","8":"pa_ean-matka-975","9":"pa_ean-matka-844","10":"pa_gwarancja-przydatnosci-324","11":"pa_ilosc-w-opakowaniu-366","12":"pa_jednostka-podstawowa-szt","13":"pa_kod-cn-0804-10-00","14":"pa_kraj-pochodzenia-skladnikow-tunezja","15":"pa_masa-netto-551","16":"pa_objetosc-brutto-812","17":"pa_producent-bio-planet-seria-czerwona-cukry-syropy","18":"pa_producent-nazwa-adres-bio-planet-s-a-wilkowa-wies-7-05-084-leszno","19":"pa_tagi-bez-cukru-w-skladnikach","20":"pa_tagi-bez-glutenu-w-skladnikach","21":"pa_tagi-certyfikat-bio","22":"pa_tagi-weganski","23":"pa_tagi-wegetarianski","25":"first","26":"outofstock","27":"taxable","28":"shipping-taxable","29":"purchasable","30":"product-type-simple"},"acf":[],"_links":{"self":[{"href":"https:\/\/wiejskieprzysmaki.estima.site\/en\/wp-json\/wp\/v2\/product\/976","targetHints":{"allow":["GET"]}}],"collection":[{"href":"https:\/\/wiejskieprzysmaki.estima.site\/en\/wp-json\/wp\/v2\/product"}],"about":[{"href":"https:\/\/wiejskieprzysmaki.estima.site\/en\/wp-json\/wp\/v2\/types\/product"}],"replies":[{"embeddable":true,"href":"https:\/\/wiejskieprzysmaki.estima.site\/en\/wp-json\/wp\/v2\/comments?post=976"}],"wp:featuredmedia":[{"embeddable":true,"href":"https:\/\/wiejskieprzysmaki.estima.site\/en\/wp-json\/wp\/v2\/media\/977"}],"wp:attachment":[{"href":"https:\/\/wiejskieprzysmaki.estima.site\/en\/wp-json\/wp\/v2\/media?parent=976"}],"wp:term":[{"taxonomy":"product_brand","embeddable":true,"href":"https:\/\/wiejskieprzysmaki.estima.site\/en\/wp-json\/wp\/v2\/product_brand?post=976"},{"taxonomy":"product_cat","embeddable":true,"href":"https:\/\/wiejskieprzysmaki.estima.site\/en\/wp-json\/wp\/v2\/product_cat?post=976"},{"taxonomy":"product_tag","embeddable":true,"href":"https:\/\/wiejskieprzysmaki.estima.site\/en\/wp-json\/wp\/v2\/product_tag?post=976"}],"curies":[{"name":"wp","href":"https:\/\/api.w.org\/{rel}","templated":true}]}}