{"id":9791,"date":"2025-02-18T12:10:46","date_gmt":"2025-02-18T11:10:46","guid":{"rendered":"https:\/\/wiejskieprzysmaki.estima.site\/produkt\/malina-ze-stewia-bez-dodatku-cukru-200-g-puregood\/"},"modified":"2025-02-18T12:10:51","modified_gmt":"2025-02-18T11:10:51","slug":"malina-ze-stewia-bez-dodatku-cukru-200-g-puregood","status":"publish","type":"product","link":"https:\/\/wiejskieprzysmaki.estima.site\/en\/product\/malina-ze-stewia-bez-dodatku-cukru-200-g-puregood\/","title":{"rendered":"MALINA ZE STEWI\u0104 BEZ DODATKU CUKRU 200 g &#8211; PURE&#038;GOOD"},"content":{"rendered":"<p>SK\u0141ADNIKI <br \/>malina 70 %, sok jab\u0142kowy, substancje s\u0142odz\u0105ce (erytrytol, glikozdy stewiolowe 0,05 %), substancja \u017celuj\u0105ca (pektyna cytrusowo-jab\u0142kowa), regulator kwasowo\u015bci (kwas cytrynowy).<\/p>\n<p>OPIS <br \/>Smakowite owoce kojarz\u0105ce si\u0119 z latem i beztrosk\u0105. Wy\u015bmienite do pieczywa, ciast i deser\u00f3w. Produkt pasteryzowany. <br \/>Sporz\u0105dzono z 70 g owoc\u00f3w na 100 g produktu.<br \/>Zawiera substancje s\u0142odz\u0105ce. Zawiera naturalnie wyst\u0119puj\u0105ce cukry. Spo\u017cycie w nadmiernych ilo\u015bciach mo\u017ce mie\u0107 efekt przeczyszczaj\u0105cy. <\/p>\n<p>WARTO\u015a\u0106 OD\u017bYWCZA W 100 g<br \/>Warto\u015b\u0107 energetyczna: 528 kJ\/125 kcal <br \/>T\u0142uszcz: &lt;0,5 g<br \/>w tym kwasy t\u0142uszczowe nasycone: &lt;0,1 g<br \/>W\u0119glowodany: 19 g <br \/>w tym cukry: 5,0 g<br \/>alkohole wielowodorotlenowe: 14 g<br \/>B\u0142onnik: 4,7 g<br \/>Bia\u0142ko: 0,9 g<br \/>S\u00f3l: &lt;0,01 g<\/p>\n<p>ZALECANE WARUNKI PRZECHOWYWANIA<br \/>Przechowywa\u0107 w suchym i ch\u0142odnym miejscu. Po otwarciu przechowywa\u0107 w temperaturze 4\u00b0C i spo\u017cy\u0107 w ci\u0105gu 7 dni. <\/p>","protected":false},"excerpt":{"rendered":"<p>SK\u0141ADNIKI malina 70 %, sok jab\u0142kowy, substancje s\u0142odz\u0105ce (erytrytol, glikozdy stewiolowe 0,05 %), substancja \u017celuj\u0105ca (pektyna cytrusowo-jab\u0142kowa), regulator kwasowo\u015bci (kwas cytrynowy). OPIS Smakowite owoce kojarz\u0105ce si\u0119 z latem i beztrosk\u0105. Wy\u015bmienite do pieczywa, ciast i deser\u00f3w. Produkt pasteryzowany. Sporz\u0105dzono z 70 g owoc\u00f3w na 100 g produktu.Zawiera substancje s\u0142odz\u0105ce. Zawiera naturalnie wyst\u0119puj\u0105ce cukry. Spo\u017cycie w [&hellip;]<\/p>","protected":false},"featured_media":9792,"comment_status":"closed","ping_status":"open","template":"","meta":{"_acf_changed":false},"product_brand":[],"product_cat":[999,998],"product_tag":[],"class_list":{"0":"post-9791","1":"product","2":"type-product","3":"status-publish","4":"has-post-thumbnail","6":"product_cat-dzemy-konfitury-musy","7":"product_cat-przetwory-warzywne-i-owocowe","8":"pa_ean-matka-7455","9":"pa_ilosc-w-opakowaniu-298","10":"pa_jednostka-podstawowa-szt","11":"pa_kod-cn-2007-99-35","12":"pa_masa-netto-354","13":"pa_objetosc-brutto-837","14":"pa_producent-puregood-czekolady-ciastka-przetwory","15":"pa_producent-nazwa-adres-mercatare-michal-zbyszewski-skawinska-25-lok-5-31-066-krakow","16":"pa_tagi-bez-cukru-w-skladnikach","17":"pa_tagi-bez-glutenu-w-skladnikach","18":"pa_tagi-weganski","19":"pa_tagi-wegetarianski","21":"first","22":"instock","23":"taxable","24":"shipping-taxable","25":"purchasable","26":"product-type-simple"},"acf":[],"_links":{"self":[{"href":"https:\/\/wiejskieprzysmaki.estima.site\/en\/wp-json\/wp\/v2\/product\/9791","targetHints":{"allow":["GET"]}}],"collection":[{"href":"https:\/\/wiejskieprzysmaki.estima.site\/en\/wp-json\/wp\/v2\/product"}],"about":[{"href":"https:\/\/wiejskieprzysmaki.estima.site\/en\/wp-json\/wp\/v2\/types\/product"}],"replies":[{"embeddable":true,"href":"https:\/\/wiejskieprzysmaki.estima.site\/en\/wp-json\/wp\/v2\/comments?post=9791"}],"wp:featuredmedia":[{"embeddable":true,"href":"https:\/\/wiejskieprzysmaki.estima.site\/en\/wp-json\/wp\/v2\/media\/9792"}],"wp:attachment":[{"href":"https:\/\/wiejskieprzysmaki.estima.site\/en\/wp-json\/wp\/v2\/media?parent=9791"}],"wp:term":[{"taxonomy":"product_brand","embeddable":true,"href":"https:\/\/wiejskieprzysmaki.estima.site\/en\/wp-json\/wp\/v2\/product_brand?post=9791"},{"taxonomy":"product_cat","embeddable":true,"href":"https:\/\/wiejskieprzysmaki.estima.site\/en\/wp-json\/wp\/v2\/product_cat?post=9791"},{"taxonomy":"product_tag","embeddable":true,"href":"https:\/\/wiejskieprzysmaki.estima.site\/en\/wp-json\/wp\/v2\/product_tag?post=9791"}],"curies":[{"name":"wp","href":"https:\/\/api.w.org\/{rel}","templated":true}]}}