{"id":9807,"date":"2025-02-18T12:10:59","date_gmt":"2025-02-18T11:10:59","guid":{"rendered":"https:\/\/wiejskieprzysmaki.estima.site\/produkt\/morele-suszone-bezglutenowe-bio-1-kg-horizon\/"},"modified":"2025-02-18T12:11:12","modified_gmt":"2025-02-18T11:11:12","slug":"morele-suszone-bezglutenowe-bio-1-kg-horizon","status":"publish","type":"product","link":"https:\/\/wiejskieprzysmaki.estima.site\/en\/product\/morele-suszone-bezglutenowe-bio-1-kg-horizon\/","title":{"rendered":"MORELE SUSZONE BEZGLUTENOWE BIO 1 kg &#8211; HORIZON"},"content":{"rendered":"<p>SK\u0141ADNIKI<br \/>ekologiczne morele suszone.<\/p>\n<p>OPIS<br \/>Ekologiczne morele suszone smakuj\u0105 wy\u015bmienicie jako samodzielna przek\u0105ska oraz jako dodatek do ciep\u0142ej owsianki na s\u0142odko, do ciast, deser\u00f3w, kompot\u00f3w np. w po\u0142\u0105czeniu z innymi owocami oraz do r\u00f3\u017cnych, ciekawych smakowo sos\u00f3w. Polecamy tak\u017ce jako dodatek do mi\u0119s, sa\u0142atek, pierog\u00f3w, knedli.<\/p>\n<p>WARTO\u015a\u0106 OD\u017bYWCZA w 100 g <br \/>Warto\u015b\u0107 energetyczna: 1200 kJ\/284 kcal<br \/>T\u0142uszcz: 0 g<br \/>w tym kwasy t\u0142uszczowe nasycone: 0 g<br \/>W\u0119glowodany: 59 g<br \/>w tym cukry: 56 g<br \/>Bia\u0142ko: 5,0 g<br \/>S\u00f3l: 0,06 g<\/p>\n<p>INFORMACJA ALERGENNA<br \/>Mo\u017ce zawiera\u0107 ORZECHY, NASIONA SEZAMU, ORZESZKI ZIEMNE.<\/p>\n<p>ZALECANE WARUNKI PRZECHOWYWANIA<br \/>Pzechowywa\u0107 w suchym, ch\u0142odnym i zacienionym miejscu.<\/p>","protected":false},"excerpt":{"rendered":"<p>SK\u0141ADNIKIekologiczne morele suszone. OPISEkologiczne morele suszone smakuj\u0105 wy\u015bmienicie jako samodzielna przek\u0105ska oraz jako dodatek do ciep\u0142ej owsianki na s\u0142odko, do ciast, deser\u00f3w, kompot\u00f3w np. w po\u0142\u0105czeniu z innymi owocami oraz do r\u00f3\u017cnych, ciekawych smakowo sos\u00f3w. Polecamy tak\u017ce jako dodatek do mi\u0119s, sa\u0142atek, pierog\u00f3w, knedli. WARTO\u015a\u0106 OD\u017bYWCZA w 100 g Warto\u015b\u0107 energetyczna: 1200 kJ\/284 kcalT\u0142uszcz: 0 [&hellip;]<\/p>","protected":false},"featured_media":9808,"comment_status":"closed","ping_status":"open","template":"","meta":{"_acf_changed":false},"product_brand":[],"product_cat":[830],"product_tag":[],"class_list":{"0":"post-9807","1":"product","2":"type-product","3":"status-publish","4":"has-post-thumbnail","6":"product_cat-orzechy-i-owoce-suszone","7":"pa_ean-matka-7471","8":"pa_gwarancja-przydatnosci-311","9":"pa_ilosc-w-opakowaniu-298","10":"pa_jednostka-podstawowa-szt","11":"pa_kod-cn-0813-10-00","12":"pa_kraj-pochodzenia-skladnikow-turcja","13":"pa_masa-netto-209","14":"pa_objetosc-brutto-4213","15":"pa_producent-horizon-syropy-kremy-orzechowe","16":"pa_producent-nazwa-adres-horizon","17":"pa_tagi-bez-cukru-w-skladnikach","18":"pa_tagi-bez-glutenu-deklaracja","19":"pa_tagi-bez-glutenu-w-skladnikach","20":"pa_tagi-certyfikat-bio","21":"pa_tagi-weganski","22":"pa_tagi-wegetarianski","24":"first","25":"instock","26":"taxable","27":"shipping-taxable","28":"purchasable","29":"product-type-simple"},"acf":[],"_links":{"self":[{"href":"https:\/\/wiejskieprzysmaki.estima.site\/en\/wp-json\/wp\/v2\/product\/9807","targetHints":{"allow":["GET"]}}],"collection":[{"href":"https:\/\/wiejskieprzysmaki.estima.site\/en\/wp-json\/wp\/v2\/product"}],"about":[{"href":"https:\/\/wiejskieprzysmaki.estima.site\/en\/wp-json\/wp\/v2\/types\/product"}],"replies":[{"embeddable":true,"href":"https:\/\/wiejskieprzysmaki.estima.site\/en\/wp-json\/wp\/v2\/comments?post=9807"}],"wp:featuredmedia":[{"embeddable":true,"href":"https:\/\/wiejskieprzysmaki.estima.site\/en\/wp-json\/wp\/v2\/media\/9808"}],"wp:attachment":[{"href":"https:\/\/wiejskieprzysmaki.estima.site\/en\/wp-json\/wp\/v2\/media?parent=9807"}],"wp:term":[{"taxonomy":"product_brand","embeddable":true,"href":"https:\/\/wiejskieprzysmaki.estima.site\/en\/wp-json\/wp\/v2\/product_brand?post=9807"},{"taxonomy":"product_cat","embeddable":true,"href":"https:\/\/wiejskieprzysmaki.estima.site\/en\/wp-json\/wp\/v2\/product_cat?post=9807"},{"taxonomy":"product_tag","embeddable":true,"href":"https:\/\/wiejskieprzysmaki.estima.site\/en\/wp-json\/wp\/v2\/product_tag?post=9807"}],"curies":[{"name":"wp","href":"https:\/\/api.w.org\/{rel}","templated":true}]}}