{"id":9827,"date":"2025-02-18T12:11:30","date_gmt":"2025-02-18T11:11:30","guid":{"rendered":"https:\/\/wiejskieprzysmaki.estima.site\/produkt\/kurczak-roslinny-klasyczny-160-g-plantway\/"},"modified":"2025-02-18T12:11:40","modified_gmt":"2025-02-18T11:11:40","slug":"kurczak-roslinny-klasyczny-160-g-plantway","status":"publish","type":"product","link":"https:\/\/wiejskieprzysmaki.estima.site\/en\/product\/kurczak-roslinny-klasyczny-160-g-plantway\/","title":{"rendered":"KURCZAK RO\u015aLINNY KLASYCZNY 160 g &#8211; PLANTWAY"},"content":{"rendered":"<p>SK\u0141ADNIKI<br \/>woda, bia\u0142ko grochu 33 %, olej rzepakowy, b\u0142onnik grochowy, przyprawy, s\u00f3l, majeranek, naturalne aromaty, witamina B12.<\/p>\n<p>OPIS<br \/>Doskona\u0142y KU*CZAK klasyk to ro\u015blinna alternatywa dla kurczaka. Idealna baza do wszystkich da\u0144. Dodaj do sa\u0142atki, serwuj z ulubionymi sosami, przygotuj go tak, jak lubisz najbardziej.<br \/>Produkt ro\u015blinny na bazie bia\u0142ka grochowego, marynowany, wzbogacony w witamin\u0119 B12. Nie zawiera SOI, glutenu, konserwant\u00f3w. Pakowany w atmosferze ochronnej. <br \/>Produkt gotowy do spo\u017cycia po obr\u00f3bce termicznej.<br \/>Zastosowanie: Dania z makaronem, ry\u017cem, sa\u0142atki, wrapy, pizza, zupy, sosy, kanapki, szasz\u0142yki.<\/p>\n<p>SPOS\u00d3B PRZYGOTOWANIA<br \/>Sma\u017cenie: sma\u017c na patelni 3-4 minuty, na rozgrzanym oleju. Je\u015bli lubisz chrupi\u0105c\u0105 sk\u00f3rk\u0119, sma\u017c troch\u0119 d\u0142u\u017cej.<br \/>Pieczenie: rozgrzej piekarnik do 160 stopni Celsjusza. Piecz 7-10 minut w zale\u017cno\u015bci od preferencji. <br \/>Grillowanie: grilluj wedle preferencji, pami\u0119taj\u0105c o obracaniu.<br \/>Produkt mo\u017cna doda\u0107 do zupy, najlepiej uprzednio podsma\u017cony.<\/p>\n<p>WARTO\u015a\u0106 OD\u017bYWCZA W 100 g<br \/>Warto\u015b\u0107 energetyczna &#8211; 892 kJ\/213 kcal<br \/>T\u0142uszcz &#8211; 10 g<br \/>w tym kwasy t\u0142uszczowe nasycone &#8211; 1,2 g<br \/>W\u0119glowodany &#8211; 2,1 g<br \/>w tym cukry &#8211; <0,5 g<br \/>B\u0142onnik &#8211; 3,2 g<br \/>Bia\u0142ko &#8211; 27 g<br \/>S\u00f3l &#8211; 2,0 g<br \/>Witamina B12 &#8211; 1,2 \u03bcg (48 %)*<br \/>\u017belazo &#8211; 5,2 mg (37 %)*<br \/>* dzienna referencyjna warto\u015b\u0107 spo\u017cycia witamin i sk\u0142adnik\u00f3w mineralnych (dla osoby doros\u0142ej)<\/p>\n<p>ZALECANE WARUNKI PRZECHOWYWANIA<br \/>Przechowywa\u0107 w temperaturze od +2\u00b0C do +7\u00b0C. Produkt nale\u017cy spo\u017cy\u0107 w ci\u0105gu 24 godzin od otwarcia.<\/p>","protected":false},"excerpt":{"rendered":"<p>SK\u0141ADNIKIwoda, bia\u0142ko grochu 33 %, olej rzepakowy, b\u0142onnik grochowy, przyprawy, s\u00f3l, majeranek, naturalne aromaty, witamina B12. OPISDoskona\u0142y KU*CZAK klasyk to ro\u015blinna alternatywa dla kurczaka. Idealna baza do wszystkich da\u0144. Dodaj do sa\u0142atki, serwuj z ulubionymi sosami, przygotuj go tak, jak lubisz najbardziej.Produkt ro\u015blinny na bazie bia\u0142ka grochowego, marynowany, wzbogacony w witamin\u0119 B12. Nie zawiera SOI, [&hellip;]<\/p>","protected":false},"featured_media":9828,"comment_status":"closed","ping_status":"open","template":"","meta":{"_acf_changed":false},"product_brand":[],"product_cat":[274,484],"product_tag":[],"class_list":{"0":"post-9827","1":"product","2":"type-product","3":"status-publish","4":"has-post-thumbnail","6":"product_cat-lodowka-inne","7":"product_cat-roslinne-alternatywy-sera-miesa","8":"pa_ean-matka-7484","9":"pa_gwarancja-przydatnosci-4052","10":"pa_ilosc-w-opakowaniu-350","11":"pa_jednostka-podstawowa-szt","12":"pa_kod-cn-2106-10-20","13":"pa_kraj-pochodzenia-skladnikow-turcja","14":"pa_masa-netto-910","15":"pa_objetosc-brutto-7480","16":"pa_producent-plantway-roslinny-kuczak","17":"pa_producent-nazwa-adres-plantway-sp-z-o-o-geodetow-33-05-200-wolomin-polska","18":"pa_tagi-bez-cukru-w-skladnikach","19":"pa_tagi-bez-glutenu-w-skladnikach","20":"pa_tagi-weganski","21":"pa_tagi-wegetarianski","23":"first","24":"instock","25":"taxable","26":"shipping-taxable","27":"purchasable","28":"product-type-simple"},"acf":[],"_links":{"self":[{"href":"https:\/\/wiejskieprzysmaki.estima.site\/en\/wp-json\/wp\/v2\/product\/9827","targetHints":{"allow":["GET"]}}],"collection":[{"href":"https:\/\/wiejskieprzysmaki.estima.site\/en\/wp-json\/wp\/v2\/product"}],"about":[{"href":"https:\/\/wiejskieprzysmaki.estima.site\/en\/wp-json\/wp\/v2\/types\/product"}],"replies":[{"embeddable":true,"href":"https:\/\/wiejskieprzysmaki.estima.site\/en\/wp-json\/wp\/v2\/comments?post=9827"}],"wp:featuredmedia":[{"embeddable":true,"href":"https:\/\/wiejskieprzysmaki.estima.site\/en\/wp-json\/wp\/v2\/media\/9828"}],"wp:attachment":[{"href":"https:\/\/wiejskieprzysmaki.estima.site\/en\/wp-json\/wp\/v2\/media?parent=9827"}],"wp:term":[{"taxonomy":"product_brand","embeddable":true,"href":"https:\/\/wiejskieprzysmaki.estima.site\/en\/wp-json\/wp\/v2\/product_brand?post=9827"},{"taxonomy":"product_cat","embeddable":true,"href":"https:\/\/wiejskieprzysmaki.estima.site\/en\/wp-json\/wp\/v2\/product_cat?post=9827"},{"taxonomy":"product_tag","embeddable":true,"href":"https:\/\/wiejskieprzysmaki.estima.site\/en\/wp-json\/wp\/v2\/product_tag?post=9827"}],"curies":[{"name":"wp","href":"https:\/\/api.w.org\/{rel}","templated":true}]}}