{"id":9831,"date":"2025-02-18T12:11:30","date_gmt":"2025-02-18T11:11:30","guid":{"rendered":"https:\/\/wiejskieprzysmaki.estima.site\/produkt\/bulion-rybny-bezglutenowy-350-ml-food-studio\/"},"modified":"2025-02-18T12:11:48","modified_gmt":"2025-02-18T11:11:48","slug":"bulion-rybny-bezglutenowy-350-ml-food-studio","status":"publish","type":"product","link":"https:\/\/wiejskieprzysmaki.estima.site\/en\/product\/bulion-rybny-bezglutenowy-350-ml-food-studio\/","title":{"rendered":"BULION RYBNY BEZGLUTENOWY 350 ml &#8211; FOOD STUDIO"},"content":{"rendered":"<p>SK\u0141ADNIKI<br \/>woda, o\u015bci RYBY 21,7 %, cebula, marchew, koper w\u0142oski, sos RYBNY (ekstrakt z SARDELI, s\u00f3l, cukier, regulator kwasowo\u015bci: kwas cytrynowy), s\u00f3l morska, natka pietruszki, pieprz czarny, li\u015b\u0107 laurowy.<\/p>\n<p>OPIS<br \/>Nie ka\u017cdy mo\u017ce tolerowa\u0107 zapach bulionu rybnego gotowanego na wolnym ogniu przez 12 godzin. My mo\u017cemy! <br \/>Prawid\u0142owy bulion musi gotowa\u0107 si\u0119 przez 12 godzin. Bulion to powa\u017cna sprawa. Z tego powodu na opakowaniu nie znajdziesz ani jednego podejrzanego sk\u0142adnika. Bez konserwant\u00f3w, wzmacniaczy zapachu i aromat\u00f3w. Nie s\u0105 one potrzebne, poniewa\u017c autentyczne sk\u0142adniki tworz\u0105 najlepszy smak.<br \/>Co wi\u0119c zrobi\u0107 z tym bulionem? Dodaj warzywa i ryb\u0119, a otrzymasz najlepsz\u0105 na \u015bwiecie zup\u0119 rybn\u0105. Wszystko jest mo\u017cliwe. Nasz bulion jest tak kompletny, \u017ce nie trzeba nawet dodawa\u0107 wody.\t<\/p>\n<p>WARTO\u015a\u0106 OD\u017bYWCZA w 100 ml<br \/>Warto\u015b\u0107 energetyczna: 78 kJ\/19 kcal<br \/>T\u0142uszcz: 0,6 g<br \/>w tym kwasy t\u0142uszczowe nasycone: 0,2 g<br \/>W\u0119glowodany: 0,9 g<br \/>w tym cukry: 0,9 g<br \/>Bia\u0142ko: 2,1 g<br \/>S\u00f3l: 0,7 g<\/p>\n<p>ZALECANE WARUNKI PRZECHOWYWANIA<br \/>Przechowywa\u0107 w temperaturze od +2 do +6\u00b0C. Po otwarciu przechowywa\u0107 w lod\u00f3wce, zu\u017cy\u0107 w ci\u0105gu 3 dni.<\/p>","protected":false},"excerpt":{"rendered":"<p>SK\u0141ADNIKIwoda, o\u015bci RYBY 21,7 %, cebula, marchew, koper w\u0142oski, sos RYBNY (ekstrakt z SARDELI, s\u00f3l, cukier, regulator kwasowo\u015bci: kwas cytrynowy), s\u00f3l morska, natka pietruszki, pieprz czarny, li\u015b\u0107 laurowy. OPISNie ka\u017cdy mo\u017ce tolerowa\u0107 zapach bulionu rybnego gotowanego na wolnym ogniu przez 12 godzin. My mo\u017cemy! Prawid\u0142owy bulion musi gotowa\u0107 si\u0119 przez 12 godzin. Bulion to powa\u017cna [&hellip;]<\/p>","protected":false},"featured_media":9832,"comment_status":"closed","ping_status":"open","template":"","meta":{"_acf_changed":false},"product_brand":[],"product_cat":[459,274],"product_tag":[],"class_list":{"0":"post-9831","1":"product","2":"type-product","3":"status-publish","4":"has-post-thumbnail","6":"product_cat-dania-gotowe-chlodnicze","7":"product_cat-lodowka-inne","8":"pa_ean-matka-7487","9":"pa_gwarancja-przydatnosci-535","10":"pa_ilosc-w-opakowaniu-372","11":"pa_jednostka-podstawowa-szt","12":"pa_kod-cn-2104-10-00","13":"pa_objetosc-brutto-7486","14":"pa_objetosc-netto-4542","15":"pa_producent-food-studio-buliony-w-plynie-smalce-tluszcze","16":"pa_producent-nazwa-adres-puljong-ou-pilve-tee-6-12618-tallinn","17":"pa_tagi-bez-glutenu-deklaracja","18":"pa_tagi-bez-glutenu-w-skladnikach","20":"first","21":"instock","22":"taxable","23":"shipping-taxable","24":"purchasable","25":"product-type-simple"},"acf":[],"_links":{"self":[{"href":"https:\/\/wiejskieprzysmaki.estima.site\/en\/wp-json\/wp\/v2\/product\/9831","targetHints":{"allow":["GET"]}}],"collection":[{"href":"https:\/\/wiejskieprzysmaki.estima.site\/en\/wp-json\/wp\/v2\/product"}],"about":[{"href":"https:\/\/wiejskieprzysmaki.estima.site\/en\/wp-json\/wp\/v2\/types\/product"}],"replies":[{"embeddable":true,"href":"https:\/\/wiejskieprzysmaki.estima.site\/en\/wp-json\/wp\/v2\/comments?post=9831"}],"wp:featuredmedia":[{"embeddable":true,"href":"https:\/\/wiejskieprzysmaki.estima.site\/en\/wp-json\/wp\/v2\/media\/9832"}],"wp:attachment":[{"href":"https:\/\/wiejskieprzysmaki.estima.site\/en\/wp-json\/wp\/v2\/media?parent=9831"}],"wp:term":[{"taxonomy":"product_brand","embeddable":true,"href":"https:\/\/wiejskieprzysmaki.estima.site\/en\/wp-json\/wp\/v2\/product_brand?post=9831"},{"taxonomy":"product_cat","embeddable":true,"href":"https:\/\/wiejskieprzysmaki.estima.site\/en\/wp-json\/wp\/v2\/product_cat?post=9831"},{"taxonomy":"product_tag","embeddable":true,"href":"https:\/\/wiejskieprzysmaki.estima.site\/en\/wp-json\/wp\/v2\/product_tag?post=9831"}],"curies":[{"name":"wp","href":"https:\/\/api.w.org\/{rel}","templated":true}]}}