{"id":9867,"date":"2025-02-18T12:12:02","date_gmt":"2025-02-18T11:12:02","guid":{"rendered":"https:\/\/wiejskieprzysmaki.estima.site\/produkt\/collagen-10-000-mg-beauty-shot-60-ml-collibre\/"},"modified":"2025-02-20T15:11:51","modified_gmt":"2025-02-20T14:11:51","slug":"collagen-10-000-mg-beauty-shot-60-ml-collibre","status":"publish","type":"product","link":"https:\/\/wiejskieprzysmaki.estima.site\/en\/product\/collagen-10-000-mg-beauty-shot-60-ml-collibre\/","title":{"rendered":"COLLAGEN (10 000 mg) BEAUTY SHOT 60 ml &#8211; COLLIBRE"},"content":{"rendered":"<p>SK\u0141ADNIKI <br \/>Sok jab\u0142kowy z zag\u0119szczonego soku jab\u0142kowego, hydrolizat kolagenu wo\u0142owego, ekstrakt z owoc\u00f3w opuncji figowej (Opuntia ficus indica L. Mill), regulator kwasowo\u015bci (kwas cytrynowy), aromat brzoskwiniowy, witamina C (kwas L-askorbinowy), kwas hialuronowy, cynk (glukonian cynku), ekstrakt z p\u0119d\u00f3w bambusa (Bambusa vulgaris Schrad.), witamina E (octan DL-alfa-tokoferylu), witamina A (octan retinylu), biotyna (D-biotyna). <\/p>\n<p>Sk\u0142adniki w jednej porcji 60 ml\t<br \/>Hydrolizat kolagenu wo\u0142owego &#8211; 10 g<br \/>Kwas hialuronowy &#8211; 100 mg<br \/>Witamina C &#8211; 80 mg<br \/>Cynk &#8211; 10 mg<br \/>Witamina E &#8211; 12 mg<br \/>Witamina A &#8211; 800 \u00b5g<br \/>Biotyna &#8211; 50 \u03bcg<br \/>Ekstrakt z p\u0119d\u00f3w bambusa zwyczajnego (DER 20:1) &#8211; 18 mg<br \/>w tym krzem &#8211; 12 mg<br \/>ekstrakt z owoc\u00f3w opuncji figowej &#8211; 1 g <\/p>\n<p>OPIS <br \/>Suplement diety. Produkt pasteryzowany. <br \/>Collibre beauty to prawdziwy eliksir m\u0142odo\u015bci, kt\u00f3ry dzi\u0119ki swoim wyj\u0105tkowym sk\u0142adnikom, wspiera zdrowie i urod\u0119 od wewn\u0105trz. Skomponowany z najwy\u017csz\u0105 staranno\u015bci\u0105, bazuje na naturalnych i skutecznych komponentach.<br \/>G\u0142\u00f3wnym sk\u0142adnikiem jest hydrolizat kolagenu wo\u0142owego o stopniu hydrolizy 2000 Da, kt\u00f3ry jest \u0142atwo przyswajalny i skutecznie wspomaga regeneracj\u0119 sk\u00f3ry, w\u0142os\u00f3w i paznokci. W jednej porcji (60 ml) znajdziesz a\u017c 10 g tego cennego sk\u0142adnika!<br \/>Dodatkowo, Collibre beauty wzbogacony jest o kwas hialuronowy, kt\u00f3ry pomaga zachowa\u0107 elastyczno\u015b\u0107 i j\u0119drno\u015b\u0107 sk\u00f3ry, a tak\u017ce o wyselekcjonowane witaminy i minera\u0142y, takie jak witamina C, cynk, witamina E, witamina A oraz biotyna, kt\u00f3re s\u0105 niezb\u0119dne dla utrzymania zdrowia i m\u0142odego wygl\u0105du.<br \/>Collibre Beauty jest wzbogacony tak\u017ce o ekstrakt z owoc\u00f3w opuncji figowej, kt\u00f3ry jest prawdziwym superfood dla Twojej sk\u00f3ry. To silny antyoksydant, kt\u00f3ry chroni sk\u00f3r\u0119 przed szkodliwym dzia\u0142aniem wolnych rodnik\u00f3w.<\/p>\n<p>ZALECANE SPO\u017bYCIE I INNE UWAGI<br \/>Zalecana dzienna porcja do spo\u017cycia: 60 ml (jedna butelka).<br \/>Nie nale\u017cy przekracza\u0107 zalecanej porcji do spo\u017cycia w ci\u0105gu dnia. <br \/>Nie stosowa\u0107 w przypadku nadwra\u017cliwo\u015bci na kt\u00f3rykolwiek ze sk\u0142adnik\u00f3w produktu.<br \/>Kobiety w ci\u0105\u017cy i karmi\u0105ce piersi\u0105 przed zastosowaniem powinny skonsultowa\u0107 si\u0119 z lekarzem. <br \/>Preparat przeznaczony wy\u0142\u0105cznie dla doros\u0142ych. Wstrz\u0105sn\u0105\u0107 przed u\u017cyciem. <br \/>Suplement diety nie mo\u017ce by\u0107 stosowany jako substytut (zamiennik) zr\u00f3\u017cnicowanej diety. <\/p>\n<p>ZALECANE WARUNKI PRZECHOWYWANIA<br \/>Przechowywa\u0107 w temperaturze pokojowej, poni\u017cej 25\u00b0C. Przechowywa\u0107 w zacienionym miejscu, z dala od promieniowania s\u0142onecznego. Przechowywa\u0107 w spos\u00f3b niedost\u0119pny dla ma\u0142ych dzieci.<\/p>","protected":false},"excerpt":{"rendered":"<p>SK\u0141ADNIKI Sok jab\u0142kowy z zag\u0119szczonego soku jab\u0142kowego, hydrolizat kolagenu wo\u0142owego, ekstrakt z owoc\u00f3w opuncji figowej (Opuntia ficus indica L. Mill), regulator kwasowo\u015bci (kwas cytrynowy), aromat brzoskwiniowy, witamina C (kwas L-askorbinowy), kwas hialuronowy, cynk (glukonian cynku), ekstrakt z p\u0119d\u00f3w bambusa (Bambusa vulgaris Schrad.), witamina E (octan DL-alfa-tokoferylu), witamina A (octan retinylu), biotyna (D-biotyna). Sk\u0142adniki w jednej [&hellip;]<\/p>","protected":false},"featured_media":9868,"comment_status":"closed","ping_status":"open","template":"","meta":{"_acf_changed":false},"product_brand":[],"product_cat":[3711,9057],"product_tag":[],"class_list":{"0":"post-9867","1":"product","2":"type-product","3":"status-publish","4":"has-post-thumbnail","6":"product_cat-produkty-w-plynie","7":"product_cat-suplementy-diety","8":"pa_ean-matka-7511","9":"pa_gwarancja-przydatnosci-320","10":"pa_ilosc-w-opakowaniu-392","11":"pa_jednostka-podstawowa-szt","12":"pa_kod-cn-2202-99-19","13":"pa_objetosc-brutto-5291","14":"pa_objetosc-netto-4931","15":"pa_producent-collibre-shoty","16":"pa_producent-nazwa-adres-collibre-sp-z-o-o-pszczela-16-11-034-tomaszkowo","17":"pa_tagi-bez-cukru-w-skladnikach","18":"pa_tagi-bez-glutenu-w-skladnikach","20":"first","21":"instock","22":"taxable","23":"shipping-taxable","24":"purchasable","25":"product-type-simple"},"acf":[],"_links":{"self":[{"href":"https:\/\/wiejskieprzysmaki.estima.site\/en\/wp-json\/wp\/v2\/product\/9867","targetHints":{"allow":["GET"]}}],"collection":[{"href":"https:\/\/wiejskieprzysmaki.estima.site\/en\/wp-json\/wp\/v2\/product"}],"about":[{"href":"https:\/\/wiejskieprzysmaki.estima.site\/en\/wp-json\/wp\/v2\/types\/product"}],"replies":[{"embeddable":true,"href":"https:\/\/wiejskieprzysmaki.estima.site\/en\/wp-json\/wp\/v2\/comments?post=9867"}],"wp:featuredmedia":[{"embeddable":true,"href":"https:\/\/wiejskieprzysmaki.estima.site\/en\/wp-json\/wp\/v2\/media\/9868"}],"wp:attachment":[{"href":"https:\/\/wiejskieprzysmaki.estima.site\/en\/wp-json\/wp\/v2\/media?parent=9867"}],"wp:term":[{"taxonomy":"product_brand","embeddable":true,"href":"https:\/\/wiejskieprzysmaki.estima.site\/en\/wp-json\/wp\/v2\/product_brand?post=9867"},{"taxonomy":"product_cat","embeddable":true,"href":"https:\/\/wiejskieprzysmaki.estima.site\/en\/wp-json\/wp\/v2\/product_cat?post=9867"},{"taxonomy":"product_tag","embeddable":true,"href":"https:\/\/wiejskieprzysmaki.estima.site\/en\/wp-json\/wp\/v2\/product_tag?post=9867"}],"curies":[{"name":"wp","href":"https:\/\/api.w.org\/{rel}","templated":true}]}}