{"id":9869,"date":"2025-02-18T12:12:02","date_gmt":"2025-02-18T11:12:02","guid":{"rendered":"https:\/\/wiejskieprzysmaki.estima.site\/produkt\/collagen-10-000-mg-active-shot-60-ml-collibre\/"},"modified":"2025-02-20T15:11:51","modified_gmt":"2025-02-20T14:11:51","slug":"collagen-10-000-mg-active-shot-60-ml-collibre","status":"publish","type":"product","link":"https:\/\/wiejskieprzysmaki.estima.site\/en\/product\/collagen-10-000-mg-active-shot-60-ml-collibre\/","title":{"rendered":"COLLAGEN (10 000 mg) ACTIVE SHOT 60 ml &#8211; COLLIBRE"},"content":{"rendered":"<p>SK\u0141ADNIKI<br \/>Sok jab\u0142kowy z zag\u0119szczonego soku jab\u0142kowego, hydrolizat kolagenu wo\u0142owego, glukozamina (siarczan glukozaminy 2KCl), regulator kwasowo\u015bci (kwas cytrynowy), MSM, aromat brzoskwiniowy, witamina C (kwas L-askorbinowy), ekstrakt z guarany (Paullinia cupana Kunth), ekstrakt z korzenia \u017ce\u0144-szenia syberyjskiego (Eleutherococcus Senticosus), ekstrakt z p\u0119d\u00f3w bambusa (Bambusa vulgaris Schrad.).\t<\/p>\n<p>Sk\u0142adniki w jednej porcji 60 ml\t<br \/>Hydrolizat kolagenu wo\u0142owego &#8211; 10 g<br \/>Witamina C &#8211; 80 mg (100 %)*<br \/>MSM &#8211; 250 mg<br \/>ekstrakt z korzenia \u017ce\u0144-szenia syberyjskiego &#8211; 25 mg<br \/>Glukozamina &#8211; 250 mg<br \/>Ekstrakt z p\u0119d\u00f3w bambusa zwyczajnego (DER 20:1) &#8211; 18 mg<br \/>w tym krzem &#8211; 12 mg<br \/>Ekstrakt z guarany &#8211; 200 mg<br \/>w tym kofeina &#8211; 20 mg\t<br \/>*dzienna referencyjna warto\u015b\u0107 spo\u017cycia<\/p>\n<p>OPIS<br \/>Suplement diety. Produkt pasteryzowany. <br \/>Collibre Active dostarcza a\u017c 10 g wysokiej jako\u015bci hydrolizatu kolagenu wo\u0142owego w jednej porcji (60 ml), kt\u00f3ry pomaga w regeneracji staw\u00f3w, poprawia elastyczno\u015b\u0107 sk\u00f3ry oraz wzmacnia w\u0142osy i paznokcie. Witamina C wspiera prawid\u0142ow\u0105 produkcj\u0119 kolagenu, a tak\u017ce dzia\u0142a antyoksydacyjnie, chroni\u0105c kom\u00f3rki przed stresem oksydacyjnym.<br \/>Ale to nie wszystko! W sk\u0142adzie Collibre Active znajdziesz tak\u017ce MSM, czyli organiczny zwi\u0105zek siarki, kt\u00f3ry wspomaga regeneracj\u0119 staw\u00f3w i mi\u0119\u015bni. Glukozamina jest niezb\u0119dna dla prawid\u0142owego funkcjonowania staw\u00f3w, a krzem z bambusa pomaga utrzyma\u0107 zdrowe ko\u015bci, w\u0142osy, sk\u00f3r\u0119 i paznokcie.<br \/>Dla dodatkowego zastrzyku energii, Collibre Active zawiera ekstrakt z guarany, naturalne \u017ar\u00f3d\u0142o kofeiny, kt\u00f3ra pomaga zredukowa\u0107 uczucie zm\u0119czenia i znu\u017cenia. Ekstrakt z korzenia \u017ce\u0144-szenia syberyjskiego dodatkowo wzmacnia organizm, pomagaj\u0105c mu przystosowa\u0107 si\u0119 do stresu fizycznego i psychicznego.<\/p>\n<p>ZALECANE SPO\u017bYCIE I INNE UWAGI<br \/>Zalecana dzienna porcja do spo\u017cycia: 60 ml (jedna butelka).<br \/>Nie nale\u017cy przekracza\u0107 zalecanej porcji do spo\u017cycia w ci\u0105gu dnia. <br \/>Nie stosowa\u0107 w przypadku nadwra\u017cliwo\u015bci na kt\u00f3rykolwiek ze sk\u0142adnik\u00f3w produktu.<br \/>Kobiety w ci\u0105\u017cy i karmi\u0105ce piersi\u0105 przed zastosowaniem powinny skonsultowa\u0107 si\u0119 z lekarzem. <br \/>Preparat przeznaczony wy\u0142\u0105cznie dla doros\u0142ych. Wstrz\u0105sn\u0105\u0107 przed u\u017cyciem. <br \/>Suplement diety nie mo\u017ce by\u0107 stosowany jako substytut (zamiennik) zr\u00f3\u017cnicowanej diety. <\/p>\n<p>ZALECANE WARUNKI PRZECHOWYWANIA<br \/>Przechowywa\u0107 w temperaturze pokojowej, poni\u017cej 25\u00b0C. Przechowywa\u0107 w zacienionym miejscu, z dala od promieniowania s\u0142onecznego. Przechowywa\u0107 w spos\u00f3b niedost\u0119pny dla ma\u0142ych dzieci.<\/p>","protected":false},"excerpt":{"rendered":"<p>SK\u0141ADNIKISok jab\u0142kowy z zag\u0119szczonego soku jab\u0142kowego, hydrolizat kolagenu wo\u0142owego, glukozamina (siarczan glukozaminy 2KCl), regulator kwasowo\u015bci (kwas cytrynowy), MSM, aromat brzoskwiniowy, witamina C (kwas L-askorbinowy), ekstrakt z guarany (Paullinia cupana Kunth), ekstrakt z korzenia \u017ce\u0144-szenia syberyjskiego (Eleutherococcus Senticosus), ekstrakt z p\u0119d\u00f3w bambusa (Bambusa vulgaris Schrad.). Sk\u0142adniki w jednej porcji 60 ml Hydrolizat kolagenu wo\u0142owego &#8211; 10 [&hellip;]<\/p>","protected":false},"featured_media":9870,"comment_status":"closed","ping_status":"open","template":"","meta":{"_acf_changed":false},"product_brand":[],"product_cat":[3711,9057],"product_tag":[],"class_list":{"0":"post-9869","1":"product","2":"type-product","3":"status-publish","4":"has-post-thumbnail","6":"product_cat-produkty-w-plynie","7":"product_cat-suplementy-diety","8":"pa_ean-matka-7512","9":"pa_gwarancja-przydatnosci-320","10":"pa_ilosc-w-opakowaniu-392","11":"pa_jednostka-podstawowa-szt","12":"pa_kod-cn-2202-99-19","13":"pa_objetosc-brutto-5291","14":"pa_objetosc-netto-4931","15":"pa_producent-collibre-shoty","16":"pa_producent-nazwa-adres-collibre-sp-z-o-o-pszczela-16-11-034-tomaszkowo","17":"pa_tagi-bez-cukru-w-skladnikach","18":"pa_tagi-bez-glutenu-w-skladnikach","20":"first","21":"instock","22":"taxable","23":"shipping-taxable","24":"purchasable","25":"product-type-simple"},"acf":[],"_links":{"self":[{"href":"https:\/\/wiejskieprzysmaki.estima.site\/en\/wp-json\/wp\/v2\/product\/9869","targetHints":{"allow":["GET"]}}],"collection":[{"href":"https:\/\/wiejskieprzysmaki.estima.site\/en\/wp-json\/wp\/v2\/product"}],"about":[{"href":"https:\/\/wiejskieprzysmaki.estima.site\/en\/wp-json\/wp\/v2\/types\/product"}],"replies":[{"embeddable":true,"href":"https:\/\/wiejskieprzysmaki.estima.site\/en\/wp-json\/wp\/v2\/comments?post=9869"}],"wp:featuredmedia":[{"embeddable":true,"href":"https:\/\/wiejskieprzysmaki.estima.site\/en\/wp-json\/wp\/v2\/media\/9870"}],"wp:attachment":[{"href":"https:\/\/wiejskieprzysmaki.estima.site\/en\/wp-json\/wp\/v2\/media?parent=9869"}],"wp:term":[{"taxonomy":"product_brand","embeddable":true,"href":"https:\/\/wiejskieprzysmaki.estima.site\/en\/wp-json\/wp\/v2\/product_brand?post=9869"},{"taxonomy":"product_cat","embeddable":true,"href":"https:\/\/wiejskieprzysmaki.estima.site\/en\/wp-json\/wp\/v2\/product_cat?post=9869"},{"taxonomy":"product_tag","embeddable":true,"href":"https:\/\/wiejskieprzysmaki.estima.site\/en\/wp-json\/wp\/v2\/product_tag?post=9869"}],"curies":[{"name":"wp","href":"https:\/\/api.w.org\/{rel}","templated":true}]}}