{"id":992,"date":"2025-02-18T10:33:34","date_gmt":"2025-02-18T09:33:34","guid":{"rendered":"https:\/\/wiejskieprzysmaki.estima.site\/produkt\/olej-kokosowy-bezwonny-bio-400-ml-bio-planete\/"},"modified":"2025-02-18T10:33:41","modified_gmt":"2025-02-18T09:33:41","slug":"olej-kokosowy-bezwonny-bio-400-ml-bio-planete","status":"publish","type":"product","link":"https:\/\/wiejskieprzysmaki.estima.site\/en\/product\/olej-kokosowy-bezwonny-bio-400-ml-bio-planete\/","title":{"rendered":"OLEJ KOKOSOWY BEZWONNY BIO 400 ml &#8211; BIO PLANETE"},"content":{"rendered":"<p>SK\u0141ADNIKI<br \/>ekologiczny olej kokosowy bezwonny. <\/p>\n<p>OPIS<br \/>Ekologiczny olej kokosowy bezwonny jest bezsmakow\u0105 alternatyw\u0105 dla oleju kokosowego z pierwszego t\u0142oczenia i wega\u0144skim zamiennikiem mas\u0142a. Poddanie go dzia\u0142aniu pary wodnej sprawia, \u017ce jest bezwonny i neutralny w smaku. Jako neutralny olej do sma\u017cenia ma uniwersalne zastosowanie i wykazuje du\u017c\u0105 odporno\u015b\u0107 na wysokie temperatury. Olej kokosowy \u015bwietnie sprawdza si\u0119 w daniach egzotycznych i regionalnych, podczas sma\u017cenia w g\u0142\u0119bokim t\u0142uszczu, pieczenia i sma\u017cenia oraz jako wega\u0144ski zamiennik mas\u0142a. <br \/>Ekologiczny olej kokosowy jest idealny do&nbsp;przek\u0105sek&nbsp;i da\u0144 wega\u0144skich (takich jak dhal z soczewic\u0105). Olej kokosowy jest te\u017c wa\u017cnym sk\u0142adnikiem naturalnych kosmetyk\u00f3w i jest tradycyjnie stosowany do&nbsp;piel\u0119gnacji sk\u00f3ry i w\u0142os\u00f3w.<\/p>\n<p>WARTO\u015a\u0106 OD\u017bYWCZA W 100 ml<br \/>Warto\u015b\u0107 energetyczna &#8211; 3330 kJ\/810 kcal <br \/>T\u0142uszcz &#8211; 90 g <br \/>w tym kwasy t\u0142uszczowe nasycone &#8211; 83 g <br \/>W\u0119glowodany &#8211; 0 g <br \/>w tym cukry &#8211; 0 g <br \/>Bia\u0142ko &#8211; 0 g <br \/>S\u00f3l &#8211; 0 g <\/p>\n<p>UWAGA<br \/>Zestalanie si\u0119 oleju w temperaturze pokojowej jest jego cech\u0105 naturaln\u0105 i nie wp\u0142ywa na jako\u015b\u0107 produktu.<br \/>W razie potrzeby nale\u017cy podgrza\u0107 s\u0142oik w k\u0105pieli wodnej.<\/p>\n<p>ZALECANE WARUNKI PRZECHOWYWANIA<br \/>Przechowywa\u0107 w temperaturze pokojowej, z dala od promieni s\u0142onecznych.<\/p>","protected":false},"excerpt":{"rendered":"<p>SK\u0141ADNIKIekologiczny olej kokosowy bezwonny. OPISEkologiczny olej kokosowy bezwonny jest bezsmakow\u0105 alternatyw\u0105 dla oleju kokosowego z pierwszego t\u0142oczenia i wega\u0144skim zamiennikiem mas\u0142a. Poddanie go dzia\u0142aniu pary wodnej sprawia, \u017ce jest bezwonny i neutralny w smaku. Jako neutralny olej do sma\u017cenia ma uniwersalne zastosowanie i wykazuje du\u017c\u0105 odporno\u015b\u0107 na wysokie temperatury. Olej kokosowy \u015bwietnie sprawdza si\u0119 w [&hellip;]<\/p>","protected":false},"featured_media":993,"comment_status":"closed","ping_status":"open","template":"","meta":{"_acf_changed":false},"product_brand":[],"product_cat":[993,994],"product_tag":[],"class_list":{"0":"post-992","1":"product","2":"type-product","3":"status-publish","4":"has-post-thumbnail","6":"product_cat-oleje-i-oliwy","7":"product_cat-stale-kokosowe-kakaowe-shea","8":"pa_ean-matka-992","9":"pa_gwarancja-przydatnosci-988","10":"pa_ilosc-w-opakowaniu-298","11":"pa_jednostka-podstawowa-szt","12":"pa_kod-cn-1513-19-91","13":"pa_objetosc-brutto-990","14":"pa_objetosc-netto-987","15":"pa_producent-bio-planete-oleje-i-oliwy","16":"pa_producent-nazwa-adres-bio-planete-huilerie-f-j-moog-sa-route-de-limoux-f-11150-bram","17":"pa_tagi-bez-cukru-w-skladnikach","18":"pa_tagi-bez-glutenu-w-skladnikach","19":"pa_tagi-certyfikat-bio","20":"pa_tagi-weganski","21":"pa_tagi-wegetarianski","23":"first","24":"instock","25":"taxable","26":"shipping-taxable","27":"purchasable","28":"product-type-simple"},"acf":[],"_links":{"self":[{"href":"https:\/\/wiejskieprzysmaki.estima.site\/en\/wp-json\/wp\/v2\/product\/992","targetHints":{"allow":["GET"]}}],"collection":[{"href":"https:\/\/wiejskieprzysmaki.estima.site\/en\/wp-json\/wp\/v2\/product"}],"about":[{"href":"https:\/\/wiejskieprzysmaki.estima.site\/en\/wp-json\/wp\/v2\/types\/product"}],"replies":[{"embeddable":true,"href":"https:\/\/wiejskieprzysmaki.estima.site\/en\/wp-json\/wp\/v2\/comments?post=992"}],"wp:featuredmedia":[{"embeddable":true,"href":"https:\/\/wiejskieprzysmaki.estima.site\/en\/wp-json\/wp\/v2\/media\/993"}],"wp:attachment":[{"href":"https:\/\/wiejskieprzysmaki.estima.site\/en\/wp-json\/wp\/v2\/media?parent=992"}],"wp:term":[{"taxonomy":"product_brand","embeddable":true,"href":"https:\/\/wiejskieprzysmaki.estima.site\/en\/wp-json\/wp\/v2\/product_brand?post=992"},{"taxonomy":"product_cat","embeddable":true,"href":"https:\/\/wiejskieprzysmaki.estima.site\/en\/wp-json\/wp\/v2\/product_cat?post=992"},{"taxonomy":"product_tag","embeddable":true,"href":"https:\/\/wiejskieprzysmaki.estima.site\/en\/wp-json\/wp\/v2\/product_tag?post=992"}],"curies":[{"name":"wp","href":"https:\/\/api.w.org\/{rel}","templated":true}]}}