{"id":9933,"date":"2025-02-18T12:12:58","date_gmt":"2025-02-18T11:12:58","guid":{"rendered":"https:\/\/wiejskieprzysmaki.estima.site\/produkt\/dressing-na-bazie-bialego-octu-winnego-bio-250-ml-la-bio-idea\/"},"modified":"2025-02-18T12:13:05","modified_gmt":"2025-02-18T11:13:05","slug":"dressing-na-bazie-bialego-octu-winnego-bio-250-ml-la-bio-idea","status":"publish","type":"product","link":"https:\/\/wiejskieprzysmaki.estima.site\/en\/product\/dressing-na-bazie-bialego-octu-winnego-bio-250-ml-la-bio-idea\/","title":{"rendered":"DRESSING NA BAZIE BIA\u0141EGO OCTU WINNEGO BIO 250 ml &#8211; LA BIO IDEA"},"content":{"rendered":"<p>SK\u0141ADNIKI<br \/>ocet z bia\u0142ego wina*, koncentrat soku z bia\u0142ych winogron Trebbiano*. (*certyfikowany sk\u0142adnik ekologiczny)<\/p>\n<p>OPIS<br \/>Jest to doskona\u0142y dodatek do wielu \u015br\u00f3dziemnomorskich potraw, marynat do mi\u0119s, sa\u0142at lub jako sk\u0142adnik samodzielnie przygotowanego sosu Vinegret. <br \/>Kwasowo\u015b\u0107 5,5 %. <\/p>\n<p>WARTO\u015a\u0106 OD\u017bYWCZA W 100 ml<br \/>Warto\u015b\u0107 energetyczna &#8211; 803 kJ\/190 kcal  <br \/>T\u0142uszcz &#8211; 0 g  <br \/>w tym kwasy t\u0142uszczowe nasycone &#8211; 0 g  <br \/>W\u0119glowodany &#8211; 49 g  <br \/>w tym cukry &#8211; 49 g  <br \/>Bia\u0142ko &#8211; 0 g  <br \/>S\u00f3l &#8211; 0 g<\/p>\n<p>INFORMACJA ALERGENNA<br \/>Zawiera SIARCZYNY<\/p>\n<p>ZALECANE WARUNKI PRZECHOWYWANIA<br \/>Przechowywa\u0107 w suchym i ch\u0142odnym miejscu.<\/p>","protected":false},"excerpt":{"rendered":"<p>SK\u0141ADNIKIocet z bia\u0142ego wina*, koncentrat soku z bia\u0142ych winogron Trebbiano*. (*certyfikowany sk\u0142adnik ekologiczny) OPISJest to doskona\u0142y dodatek do wielu \u015br\u00f3dziemnomorskich potraw, marynat do mi\u0119s, sa\u0142at lub jako sk\u0142adnik samodzielnie przygotowanego sosu Vinegret. Kwasowo\u015b\u0107 5,5 %. WARTO\u015a\u0106 OD\u017bYWCZA W 100 mlWarto\u015b\u0107 energetyczna &#8211; 803 kJ\/190 kcal T\u0142uszcz &#8211; 0 g w tym kwasy t\u0142uszczowe nasycone &#8211; [&hellip;]<\/p>","protected":false},"featured_media":9934,"comment_status":"closed","ping_status":"open","template":"","meta":{"_acf_changed":false},"product_brand":[],"product_cat":[1466,362],"product_tag":[],"class_list":{"0":"post-9933","1":"product","2":"type-product","3":"status-publish","4":"has-post-thumbnail","6":"product_cat-balsamiczne-winne-ryzowe-spirytusowe","7":"product_cat-octy","8":"pa_ean-matka-7558","9":"pa_ilosc-w-opakowaniu-298","10":"pa_jednostka-podstawowa-szt","11":"pa_kod-cn-2209-00-11","12":"pa_objetosc-brutto-7557","13":"pa_objetosc-netto-359","14":"pa_producent-nazwa-adres-do-it-consumer-products-bv-hermesweg-7-3771-nd-barneveld","15":"pa_tagi-bez-cukru-w-skladnikach","16":"pa_tagi-bez-glutenu-w-skladnikach","17":"pa_tagi-certyfikat-bio","18":"pa_tagi-weganski","19":"pa_tagi-wegetarianski","20":"pa_termin-przydatnosci-31-10-2026","22":"first","23":"instock","24":"taxable","25":"shipping-taxable","26":"purchasable","27":"product-type-simple"},"acf":[],"_links":{"self":[{"href":"https:\/\/wiejskieprzysmaki.estima.site\/en\/wp-json\/wp\/v2\/product\/9933","targetHints":{"allow":["GET"]}}],"collection":[{"href":"https:\/\/wiejskieprzysmaki.estima.site\/en\/wp-json\/wp\/v2\/product"}],"about":[{"href":"https:\/\/wiejskieprzysmaki.estima.site\/en\/wp-json\/wp\/v2\/types\/product"}],"replies":[{"embeddable":true,"href":"https:\/\/wiejskieprzysmaki.estima.site\/en\/wp-json\/wp\/v2\/comments?post=9933"}],"wp:featuredmedia":[{"embeddable":true,"href":"https:\/\/wiejskieprzysmaki.estima.site\/en\/wp-json\/wp\/v2\/media\/9934"}],"wp:attachment":[{"href":"https:\/\/wiejskieprzysmaki.estima.site\/en\/wp-json\/wp\/v2\/media?parent=9933"}],"wp:term":[{"taxonomy":"product_brand","embeddable":true,"href":"https:\/\/wiejskieprzysmaki.estima.site\/en\/wp-json\/wp\/v2\/product_brand?post=9933"},{"taxonomy":"product_cat","embeddable":true,"href":"https:\/\/wiejskieprzysmaki.estima.site\/en\/wp-json\/wp\/v2\/product_cat?post=9933"},{"taxonomy":"product_tag","embeddable":true,"href":"https:\/\/wiejskieprzysmaki.estima.site\/en\/wp-json\/wp\/v2\/product_tag?post=9933"}],"curies":[{"name":"wp","href":"https:\/\/api.w.org\/{rel}","templated":true}]}}