{"id":9937,"date":"2025-02-18T12:12:58","date_gmt":"2025-02-18T11:12:58","guid":{"rendered":"https:\/\/wiejskieprzysmaki.estima.site\/produkt\/kombucha-aperollo-bio-700-ml-delikatna\/"},"modified":"2025-02-18T12:13:06","modified_gmt":"2025-02-18T11:13:06","slug":"kombucha-aperollo-bio-700-ml-delikatna","status":"publish","type":"product","link":"https:\/\/wiejskieprzysmaki.estima.site\/en\/product\/kombucha-aperollo-bio-700-ml-delikatna\/","title":{"rendered":"KOMBUCHA APEROLLO BIO 700 ml &#8211; DELIKATNA"},"content":{"rendered":"<p>SK\u0141ADNIKI <br \/>napar z zielonej herbaty* 76 % (woda, zielona herbata*), zag\u0119szczony sok jab\u0142kowy* 21 %, naturalny aromat pomara\u0144czy* 2 %, \u017cywe kultury scoby*, pio\u0142un* 0,02 %. (*certyfikowany sk\u0142adnik ekologiczny)   <\/p>\n<p>OPIS <br \/>Produkt rzemie\u015blniczy, poddany naturalnej fermentacji na bazie naparu z herbaty z dodatkiem aromatu pomara\u0144czy i pio\u0142unu. Naturalnie musuj\u0105cy. Produkt niepasteryzowany. <br \/>W zwi\u0105zku z procesem fermentacji produkt mo\u017ce zawiera\u0107 do 1,2 % alkoholu.  <\/p>\n<p>WARTO\u015a\u0106 OD\u017bYWCZA W 100 ml<br \/>Warto\u015b\u0107 energetyczna: 101 kJ\/20 kcal <br \/>T\u0142uszcz: <0,1 g <br \/>w tym kwasy t\u0142uszczowe nasycone: 0 g <br \/>W\u0119glowodany: 4,5 g <br \/>w tym cukry: 3,4 g <br \/>Bia\u0142ko: 0 g <br \/>S\u00f3l: 0 g  <\/p>\n<p>INFORMACJA ALERGENNA<br \/>Produkt mo\u017ce zawiera\u0107 SOJ\u0118, gorczyc\u0119.    <\/p>\n<p>UWAGI<br \/>Zawiesina w produkcie jest zjawiskiem po\u017c\u0105danym i \u015bwiadczy o obecno\u015bci grzyba herbacianego, kt\u00f3rego mo\u017cesz wykorzysta\u0107 do przygotowania w\u0142asnej kombuchy.     <\/p>\n<p>ZALECANE WARUNKI PRZECHOWYWANIA<br \/>Przechowywa\u0107 w temperaturze od +2 do +8\u00b0C. Po otwarciu spo\u017cy\u0107 w ci\u0105gu 7 dni.  <\/p>","protected":false},"excerpt":{"rendered":"<p>SK\u0141ADNIKI napar z zielonej herbaty* 76 % (woda, zielona herbata*), zag\u0119szczony sok jab\u0142kowy* 21 %, naturalny aromat pomara\u0144czy* 2 %, \u017cywe kultury scoby*, pio\u0142un* 0,02 %. (*certyfikowany sk\u0142adnik ekologiczny) OPIS Produkt rzemie\u015blniczy, poddany naturalnej fermentacji na bazie naparu z herbaty z dodatkiem aromatu pomara\u0144czy i pio\u0142unu. Naturalnie musuj\u0105cy. Produkt niepasteryzowany. W zwi\u0105zku z procesem fermentacji [&hellip;]<\/p>","protected":false},"featured_media":9938,"comment_status":"closed","ping_status":"open","template":"","meta":{"_acf_changed":false},"product_brand":[],"product_cat":[274,4283],"product_tag":[],"class_list":{"0":"post-9937","1":"product","2":"type-product","3":"status-publish","4":"has-post-thumbnail","6":"product_cat-lodowka-inne","7":"product_cat-napoje-chlodnicze","8":"pa_ean-matka-7560","9":"pa_gwarancja-przydatnosci-320","10":"pa_ilosc-w-opakowaniu-374","11":"pa_jednostka-podstawowa-szt","12":"pa_kod-cn-2202-99-19","13":"pa_kraj-pochodzenia-skladnikow-polska","14":"pa_objetosc-brutto-4925","15":"pa_objetosc-netto-2182","16":"pa_producent-delikatna-kombucha-kimchi-zakwas","17":"pa_producent-nazwa-adres-bacillus-sp-z-o-o-zaklad-produkcyjny-ul-stryjska-24-81-506-gdynia","18":"pa_tagi-bez-glutenu-w-skladnikach","19":"pa_tagi-certyfikat-bio","20":"pa_tagi-weganski","21":"pa_tagi-wegetarianski","23":"first","24":"instock","25":"taxable","26":"shipping-taxable","27":"purchasable","28":"product-type-simple"},"acf":[],"_links":{"self":[{"href":"https:\/\/wiejskieprzysmaki.estima.site\/en\/wp-json\/wp\/v2\/product\/9937","targetHints":{"allow":["GET"]}}],"collection":[{"href":"https:\/\/wiejskieprzysmaki.estima.site\/en\/wp-json\/wp\/v2\/product"}],"about":[{"href":"https:\/\/wiejskieprzysmaki.estima.site\/en\/wp-json\/wp\/v2\/types\/product"}],"replies":[{"embeddable":true,"href":"https:\/\/wiejskieprzysmaki.estima.site\/en\/wp-json\/wp\/v2\/comments?post=9937"}],"wp:featuredmedia":[{"embeddable":true,"href":"https:\/\/wiejskieprzysmaki.estima.site\/en\/wp-json\/wp\/v2\/media\/9938"}],"wp:attachment":[{"href":"https:\/\/wiejskieprzysmaki.estima.site\/en\/wp-json\/wp\/v2\/media?parent=9937"}],"wp:term":[{"taxonomy":"product_brand","embeddable":true,"href":"https:\/\/wiejskieprzysmaki.estima.site\/en\/wp-json\/wp\/v2\/product_brand?post=9937"},{"taxonomy":"product_cat","embeddable":true,"href":"https:\/\/wiejskieprzysmaki.estima.site\/en\/wp-json\/wp\/v2\/product_cat?post=9937"},{"taxonomy":"product_tag","embeddable":true,"href":"https:\/\/wiejskieprzysmaki.estima.site\/en\/wp-json\/wp\/v2\/product_tag?post=9937"}],"curies":[{"name":"wp","href":"https:\/\/api.w.org\/{rel}","templated":true}]}}