{"id":9945,"date":"2025-02-18T12:13:11","date_gmt":"2025-02-18T11:13:11","guid":{"rendered":"https:\/\/wiejskieprzysmaki.estima.site\/produkt\/dla-psa-pasztet-z-kurczakiem-i-algami-morskimi-bez-zboz-bio-150-g-yarrah\/"},"modified":"2025-02-20T15:09:03","modified_gmt":"2025-02-20T14:09:03","slug":"dla-psa-pasztet-z-kurczakiem-i-algami-morskimi-bez-zboz-bio-150-g-yarrah","status":"publish","type":"product","link":"https:\/\/wiejskieprzysmaki.estima.site\/en\/product\/dla-psa-pasztet-z-kurczakiem-i-algami-morskimi-bez-zboz-bio-150-g-yarrah\/","title":{"rendered":"(DLA PSA) PASZTET Z KURCZAKIEM I ALGAMI MORSKIMI BEZ ZB\u00d3\u017b BIO 150 g &#8211; YARRAH"},"content":{"rendered":"<p>SK\u0141ADNIKI <br \/>55 % mi\u0119so* i produkty pochodzenia zwierz\u0119cego* (40 % kurczak*, 15 % wo\u0142owina*), glony* (0,5 % suszonych wodorost\u00f3w*, co odpowiada 2 % wodorost\u00f3w*), substancje mineralne, oleje* i t\u0142uszcze* (olej s\u0142onecznikowy*). ( *certyfikowany sk\u0142adnik ekologiczny)<\/p>\n<p>OPIS <br \/>Karma dla psa pe\u0142noporcjowa.<br \/>Bez zbo\u017cowy pasztet z ekologicznego kurczaka, uzupe\u0142niony certyfikowanymi organicznymi wodorostami. Ta organiczna mokra karma stanowi kompletny, po\u017cywny i niezwykle pyszny posi\u0142ek dla Twojego psa. To \u017cywno\u015b\u0107 czysto ekologiczna, co oznacza brak chemicznych substancji zapachowych, barwnik\u00f3w i aromat\u00f3w, brak dodatku pestycyd\u00f3w i GMO, a jedynie najlepiej przyswajalne bia\u0142ka. Dzi\u0119ki temu Tw\u00f3j pies otrzyma dok\u0142adnie to, czego potrzebuje. Mokra karma zawiera du\u017co wilgoci, dzi\u0119ki czemu Tw\u00f3j pies pozostaje nawodniony.<\/p>\n<p>SK\u0141ADNIKI ANALITYCZNE<br \/>bia\u0142ko surowe &#8211; 9 %<br \/>w\u0142\u00f3kno surowe &#8211; 0,4 %<br \/>t\u0142uszcz surowy &#8211; 7 %<br \/>popi\u00f3\u0142 surowy &#8211; 2 %<br \/>wilgotno\u015b\u0107 &#8211; 81 %<\/p>\n<p>DODATKI DIETETYCZNE\/kg<br \/>witamina D3 &#8211; 75 IE<br \/>witamina E &#8211; 30 mg<br \/>biotyna &#8211; 100 \u03bcg<br \/>cynk &#8211; 15 mg<br \/>mangan &#8211; 6 mg<br \/>mied\u017a &#8211; 1 mg<br \/>jod &#8211; 0,3 mg<\/p>\n<p>ZALECANE DZIENNE KARMIENIE<br \/>Pies o masie 3 kg &#8211; 300 g<br \/>Pies o masie 7 kg &#8211; 600 g<br \/>Pies o masie 12 kg &#8211; 825 g<br \/>Pies o masie 20 kg &#8211; 1200 g<\/p>\n<p>UWAGA<br \/>Podawa\u0107 w temperaturze pokojowej. Nale\u017cy zapewni\u0107 psu dost\u0119p do \u015bwie\u017cej wody.<\/p>\n<p>ZALECANE WARUNKI PRZECHOWYWANIA<br \/>Przechowywa\u0107 w ch\u0142odnym i suchym miejscu. Po otwarciu przechowywa\u0107 w lod\u00f3wce (maks. 2 dni).<\/p>","protected":false},"excerpt":{"rendered":"<p>SK\u0141ADNIKI 55 % mi\u0119so* i produkty pochodzenia zwierz\u0119cego* (40 % kurczak*, 15 % wo\u0142owina*), glony* (0,5 % suszonych wodorost\u00f3w*, co odpowiada 2 % wodorost\u00f3w*), substancje mineralne, oleje* i t\u0142uszcze* (olej s\u0142onecznikowy*). ( *certyfikowany sk\u0142adnik ekologiczny) OPIS Karma dla psa pe\u0142noporcjowa.Bez zbo\u017cowy pasztet z ekologicznego kurczaka, uzupe\u0142niony certyfikowanymi organicznymi wodorostami. Ta organiczna mokra karma stanowi kompletny, [&hellip;]<\/p>","protected":false},"featured_media":9946,"comment_status":"closed","ping_status":"open","template":"","meta":{"_acf_changed":false},"product_brand":[],"product_cat":[9054],"product_tag":[],"class_list":{"0":"post-9945","1":"product","2":"type-product","3":"status-publish","4":"has-post-thumbnail","6":"product_cat-karma-dla-zwierzat","7":"pa_ean-matka-7568","8":"pa_gwarancja-przydatnosci-522","9":"pa_ilosc-w-opakowaniu-374","10":"pa_jednostka-podstawowa-szt","11":"pa_kod-cn-2309-10-90","12":"pa_masa-netto-197","13":"pa_objetosc-brutto-7567","14":"pa_producent-yarrah-karma-dla-kotow-i-psow","15":"pa_producent-nazwa-adres-premium-petfood-brands-b-v-putterweg-5-ermelo-postal-p-o-box-1214-nl-3840-be-harderwijk-the-netherlands","16":"pa_tagi-bez-cukru-w-skladnikach","17":"pa_tagi-bez-glutenu-w-skladnikach","18":"pa_tagi-certyfikat-bio","20":"first","21":"instock","22":"taxable","23":"shipping-taxable","24":"purchasable","25":"product-type-simple"},"acf":[],"_links":{"self":[{"href":"https:\/\/wiejskieprzysmaki.estima.site\/en\/wp-json\/wp\/v2\/product\/9945","targetHints":{"allow":["GET"]}}],"collection":[{"href":"https:\/\/wiejskieprzysmaki.estima.site\/en\/wp-json\/wp\/v2\/product"}],"about":[{"href":"https:\/\/wiejskieprzysmaki.estima.site\/en\/wp-json\/wp\/v2\/types\/product"}],"replies":[{"embeddable":true,"href":"https:\/\/wiejskieprzysmaki.estima.site\/en\/wp-json\/wp\/v2\/comments?post=9945"}],"wp:featuredmedia":[{"embeddable":true,"href":"https:\/\/wiejskieprzysmaki.estima.site\/en\/wp-json\/wp\/v2\/media\/9946"}],"wp:attachment":[{"href":"https:\/\/wiejskieprzysmaki.estima.site\/en\/wp-json\/wp\/v2\/media?parent=9945"}],"wp:term":[{"taxonomy":"product_brand","embeddable":true,"href":"https:\/\/wiejskieprzysmaki.estima.site\/en\/wp-json\/wp\/v2\/product_brand?post=9945"},{"taxonomy":"product_cat","embeddable":true,"href":"https:\/\/wiejskieprzysmaki.estima.site\/en\/wp-json\/wp\/v2\/product_cat?post=9945"},{"taxonomy":"product_tag","embeddable":true,"href":"https:\/\/wiejskieprzysmaki.estima.site\/en\/wp-json\/wp\/v2\/product_tag?post=9945"}],"curies":[{"name":"wp","href":"https:\/\/api.w.org\/{rel}","templated":true}]}}