{"id":9969,"date":"2025-02-18T12:13:49","date_gmt":"2025-02-18T11:13:49","guid":{"rendered":"https:\/\/wiejskieprzysmaki.estima.site\/produkt\/sos-weganski-barbecue-bezglutenowy-bio-250-ml-byodo\/"},"modified":"2025-02-18T12:13:56","modified_gmt":"2025-02-18T11:13:56","slug":"sos-weganski-barbecue-bezglutenowy-bio-250-ml-byodo","status":"publish","type":"product","link":"https:\/\/wiejskieprzysmaki.estima.site\/en\/product\/sos-weganski-barbecue-bezglutenowy-bio-250-ml-byodo\/","title":{"rendered":"SOS WEGA\u0143SKI BARBECUE BEZGLUTENOWY BIO 250 ml &#8211; BYODO"},"content":{"rendered":"<p>SK\u0141ADNIKI<br \/>woda, surowy cukier trzcinowy*, koncentrat pomidorowy*, ocet brandy*, skrobia kukurydziana*, s\u00f3l kamienna, syrop cukrowy karmelowy*, pieprz*, czosnek*, GORCZYCA*, s\u00f3l w\u0119dzona (s\u00f3l, dym), przyprawy*, substancja zag\u0119szczaj\u0105ca: guma guar*. (*certyfikowany sk\u0142adnik ekologiczny)<\/p>\n<p>OPIS<br \/>Typowo ameryka\u0144ski, pikantny i ostry, obowi\u0105zkowy dla ka\u017cdego mistrza grillowania \u2013 taki jest nasz ekologiczny sos barbecue. W\u0119dzona s\u00f3l, czosnek, koncentrat pomidorowy i pieprz nadaj\u0105 mu niepowtarzalny, pyszny smak BBQ.<\/p>\n<p>WARTO\u015a\u0106 OD\u017bYWCZA W 100 g <br \/>Warto\u015b\u0107 energetyczna: 607 kJ\/143 kcal <br \/>T\u0142uszcz: <0,5 g <br \/>w tym kwasy t\u0142uszczowe nasycone: <0,1 g <br \/>W\u0119glowodany: 33 g <br \/>w tym cukry: 30 g <br \/>Bia\u0142ko: 1,1 g <br \/>S\u00f3l: 2,8 g <\/p>\n<p>ZALECANE WARUNKI PRZECHOWYWANIA<br \/>Po otwarciu przechowywa\u0107 w lod\u00f3wce.<\/p>","protected":false},"excerpt":{"rendered":"<p>SK\u0141ADNIKIwoda, surowy cukier trzcinowy*, koncentrat pomidorowy*, ocet brandy*, skrobia kukurydziana*, s\u00f3l kamienna, syrop cukrowy karmelowy*, pieprz*, czosnek*, GORCZYCA*, s\u00f3l w\u0119dzona (s\u00f3l, dym), przyprawy*, substancja zag\u0119szczaj\u0105ca: guma guar*. (*certyfikowany sk\u0142adnik ekologiczny) OPISTypowo ameryka\u0144ski, pikantny i ostry, obowi\u0105zkowy dla ka\u017cdego mistrza grillowania \u2013 taki jest nasz ekologiczny sos barbecue. W\u0119dzona s\u00f3l, czosnek, koncentrat pomidorowy i pieprz nadaj\u0105 [&hellip;]<\/p>","protected":false},"featured_media":9970,"comment_status":"closed","ping_status":"open","template":"","meta":{"_acf_changed":false},"product_brand":[],"product_cat":[1992,94],"product_tag":[],"class_list":{"0":"post-9969","1":"product","2":"type-product","3":"status-publish","4":"has-post-thumbnail","6":"product_cat-inne-sosy","7":"product_cat-sosy","8":"pa_ean-matka-7584","9":"pa_gwarancja-przydatnosci-311","10":"pa_ilosc-w-opakowaniu-298","11":"pa_jednostka-podstawowa-szt","12":"pa_kod-cn-2103-90-90","13":"pa_objetosc-brutto-5007","14":"pa_objetosc-netto-359","15":"pa_producent-byodo-sosy-majonezy-musztardy","16":"pa_producent-nazwa-adres-byodo-naturkost-gmbh-leisederstrasse-284453-muehldorf-germany","17":"pa_tagi-bez-glutenu-deklaracja","18":"pa_tagi-bez-glutenu-w-skladnikach","19":"pa_tagi-certyfikat-bio","20":"pa_tagi-weganski","21":"pa_tagi-wegetarianski","23":"first","24":"instock","25":"taxable","26":"shipping-taxable","27":"purchasable","28":"product-type-simple"},"acf":[],"_links":{"self":[{"href":"https:\/\/wiejskieprzysmaki.estima.site\/en\/wp-json\/wp\/v2\/product\/9969","targetHints":{"allow":["GET"]}}],"collection":[{"href":"https:\/\/wiejskieprzysmaki.estima.site\/en\/wp-json\/wp\/v2\/product"}],"about":[{"href":"https:\/\/wiejskieprzysmaki.estima.site\/en\/wp-json\/wp\/v2\/types\/product"}],"replies":[{"embeddable":true,"href":"https:\/\/wiejskieprzysmaki.estima.site\/en\/wp-json\/wp\/v2\/comments?post=9969"}],"wp:featuredmedia":[{"embeddable":true,"href":"https:\/\/wiejskieprzysmaki.estima.site\/en\/wp-json\/wp\/v2\/media\/9970"}],"wp:attachment":[{"href":"https:\/\/wiejskieprzysmaki.estima.site\/en\/wp-json\/wp\/v2\/media?parent=9969"}],"wp:term":[{"taxonomy":"product_brand","embeddable":true,"href":"https:\/\/wiejskieprzysmaki.estima.site\/en\/wp-json\/wp\/v2\/product_brand?post=9969"},{"taxonomy":"product_cat","embeddable":true,"href":"https:\/\/wiejskieprzysmaki.estima.site\/en\/wp-json\/wp\/v2\/product_cat?post=9969"},{"taxonomy":"product_tag","embeddable":true,"href":"https:\/\/wiejskieprzysmaki.estima.site\/en\/wp-json\/wp\/v2\/product_tag?post=9969"}],"curies":[{"name":"wp","href":"https:\/\/api.w.org\/{rel}","templated":true}]}}