{"id":9979,"date":"2025-02-18T12:13:49","date_gmt":"2025-02-18T11:13:49","guid":{"rendered":"https:\/\/wiejskieprzysmaki.estima.site\/produkt\/omega-3-6-9-o-smaku-wasabi-w-sprayu-150-ml-leenvit\/"},"modified":"2025-02-18T12:14:08","modified_gmt":"2025-02-18T11:14:08","slug":"omega-3-6-9-o-smaku-wasabi-w-sprayu-150-ml-leenvit","status":"publish","type":"product","link":"https:\/\/wiejskieprzysmaki.estima.site\/en\/product\/omega-3-6-9-o-smaku-wasabi-w-sprayu-150-ml-leenvit\/","title":{"rendered":"OMEGA 3-6-9 O SMAKU WASABI W SPRAYU 150 ml &#8211; LEENVIT"},"content":{"rendered":"<p>SK\u0141ADNIKI<br \/>(96 %) monoestry etylowe wyz\u0307szych kwas\u00f3w t\u0142uszczowych o wysokiej zawartos\u0301ci niezbe\u0328dnych nienasyconych kwas\u00f3w t\u0142uszczowych omega-3, omega-6, omega-9; (4 %) naturalny aromat wasabi. <\/p>\n<p>Sk\u0142adniki od\u017cywcze w porcji 4 ml<br \/>omega-3 kwas alfa-linolenowy (ALA): 2 g<br \/>omega-9 kwas oleinowy (OA): 600 mg<br \/>omega-6 kwas linolowy (LA): 500 mg<\/p>\n<p>OPIS<br \/>Leenvit jest innowacyjnym na skal\u0119 \u015bwiatow\u0105 produktem. Stanowi naturalny koncentrat wyizolowanych z oleju lnianego czystych kwas\u00f3w omega-3, omega-6, omega-9 w formie monoestr\u00f3w, cechuj\u0105cych si\u0119 ca\u0142kowitym brakiem toksyczno\u015bci oraz jakichkolwiek zanieczyszcze\u0144, zapewniaj\u0105cych znakomit\u0105 zdolno\u015b\u0107 wch\u0142aniania przez organizm. <br \/>Spo\u017cywaj\u0105c przyprawy Leenvit dostarczasz swojemu organizmowi niezb\u0119dnych dla zdrowia kwas\u00f3w t\u0142uszczowych omega-3, omega-6, omega-9. <br \/>Rozpyl i ciesz si\u0119 zdrowszym posi\u0142kiem! Do kanapek, mi\u0119s, RYB, sa\u0142atek, makaron\u00f3w, sos\u00f3w, nabia\u0142u i innych potraw. <br \/>1 porcja (oko\u0142o 4 ml) odpowiada naci\u015bni\u0119ciu aplikatora przez oko\u0142o 2,5 sekundy i pokrywa zalecane przez Uni\u0119 Europejsk\u0105 dzienne zapotrzebowanie na kwasy ALA (2 g). <br \/>Porcja jest jedynie warto\u015bci\u0105 sugerowan\u0105 i mo\u017ce by\u0107 dowolnie regulowana w zale\u017cno\u015bci od preferencji. <\/p>\n<p>WARTO\u015a\u0106 OD\u017bYWCZA w 100 ml<br \/>Warto\u015b\u0107 energetyczna: 4000 kJ\/956 kcal<br \/>T\u0142uszcz: 100 g<br \/>w tym kwasy t\u0142uszczowe nasycone: 10 g<br \/>w tym kwasy t\u0142uszczowe jednonienasycone: 18,8 g<br \/>w tym kwasy t\u0142uszczowe wielonienasycone: 69,4 g<br \/>W\u0119glowodany: 0 g<br \/>w tym cukry: 0 g<br \/>B\u0142onnik: 0 g<br \/>Bia\u0142ko: 0 g<br \/>S\u00f3l: 0 g<\/p>\n<p>ZALECANE WARUNKI PRZECHOWYWANIA<br \/>Pojemnik pod cis\u0301nieniem. Ogrzanie grozi wybuchem. Nie wystawiac\u0301 na dzia\u0142anie temperatury przekraczaja\u0328cej 50\u00b0C. Przechowywac\u0301 z dala od z\u0301r\u00f3de\u0142 ciep\u0142a, gora\u0328cych powierzchni, z\u0301r\u00f3de\u0142 iskrzenia, otwartego ognia i innych z\u0301r\u00f3de\u0142 zap\u0142onu. Nie przek\u0142uwac\u0301 ani nie spalac\u0301, nawet po zuz\u0307yciu. Unikac\u0301 kontaktu produktu z tworzywami sztucznymi. <\/p>","protected":false},"excerpt":{"rendered":"<p>SK\u0141ADNIKI(96 %) monoestry etylowe wyz\u0307szych kwas\u00f3w t\u0142uszczowych o wysokiej zawartos\u0301ci niezbe\u0328dnych nienasyconych kwas\u00f3w t\u0142uszczowych omega-3, omega-6, omega-9; (4 %) naturalny aromat wasabi. Sk\u0142adniki od\u017cywcze w porcji 4 mlomega-3 kwas alfa-linolenowy (ALA): 2 gomega-9 kwas oleinowy (OA): 600 mgomega-6 kwas linolowy (LA): 500 mg OPISLeenvit jest innowacyjnym na skal\u0119 \u015bwiatow\u0105 produktem. Stanowi naturalny koncentrat wyizolowanych z [&hellip;]<\/p>","protected":false},"featured_media":9980,"comment_status":"closed","ping_status":"open","template":"","meta":{"_acf_changed":false},"product_brand":[],"product_cat":[993,1073],"product_tag":[],"class_list":{"0":"post-9979","1":"product","2":"type-product","3":"status-publish","4":"has-post-thumbnail","6":"product_cat-oleje-i-oliwy","7":"product_cat-oleje-plynne","8":"pa_ean-matka-7589","9":"pa_ilosc-w-opakowaniu-2054","10":"pa_jednostka-podstawowa-szt","11":"pa_kod-cn-1516-20-91","12":"pa_objetosc-brutto-5929","13":"pa_objetosc-netto-3303","14":"pa_producent-nazwa-adres-leenvit-group-sp-z-o-o-ul-gorna-1-43-600-jaworzno","15":"pa_tagi-bez-cukru-w-skladnikach","16":"pa_tagi-bez-glutenu-w-skladnikach","17":"pa_tagi-weganski","18":"pa_tagi-wegetarianski","19":"pa_termin-przydatnosci-30-06-2025","21":"first","22":"instock","23":"taxable","24":"shipping-taxable","25":"purchasable","26":"product-type-simple"},"acf":[],"_links":{"self":[{"href":"https:\/\/wiejskieprzysmaki.estima.site\/en\/wp-json\/wp\/v2\/product\/9979","targetHints":{"allow":["GET"]}}],"collection":[{"href":"https:\/\/wiejskieprzysmaki.estima.site\/en\/wp-json\/wp\/v2\/product"}],"about":[{"href":"https:\/\/wiejskieprzysmaki.estima.site\/en\/wp-json\/wp\/v2\/types\/product"}],"replies":[{"embeddable":true,"href":"https:\/\/wiejskieprzysmaki.estima.site\/en\/wp-json\/wp\/v2\/comments?post=9979"}],"wp:featuredmedia":[{"embeddable":true,"href":"https:\/\/wiejskieprzysmaki.estima.site\/en\/wp-json\/wp\/v2\/media\/9980"}],"wp:attachment":[{"href":"https:\/\/wiejskieprzysmaki.estima.site\/en\/wp-json\/wp\/v2\/media?parent=9979"}],"wp:term":[{"taxonomy":"product_brand","embeddable":true,"href":"https:\/\/wiejskieprzysmaki.estima.site\/en\/wp-json\/wp\/v2\/product_brand?post=9979"},{"taxonomy":"product_cat","embeddable":true,"href":"https:\/\/wiejskieprzysmaki.estima.site\/en\/wp-json\/wp\/v2\/product_cat?post=9979"},{"taxonomy":"product_tag","embeddable":true,"href":"https:\/\/wiejskieprzysmaki.estima.site\/en\/wp-json\/wp\/v2\/product_tag?post=9979"}],"curies":[{"name":"wp","href":"https:\/\/api.w.org\/{rel}","templated":true}]}}