{"id":998,"date":"2025-02-18T10:33:34","date_gmt":"2025-02-18T09:33:34","guid":{"rendered":"https:\/\/wiejskieprzysmaki.estima.site\/produkt\/bialko-konopne-bio-surowiec-20-kg\/"},"modified":"2025-02-20T15:16:07","modified_gmt":"2025-02-20T14:16:07","slug":"bialko-konopne-bio-surowiec-20-kg","status":"publish","type":"product","link":"https:\/\/wiejskieprzysmaki.estima.site\/en\/product\/bialko-konopne-bio-surowiec-20-kg\/","title":{"rendered":"BIA\u0141KO KONOPNE BIO (SUROWIEC) (20 kg)"},"content":{"rendered":"<p>SK\u0141ADNIKI<br \/>ekologiczne bia\u0142ko konopne sproszkowane.<\/p>\n<p>OPIS:<br \/>Bia\u0142ko z ekologicznych nasion konopi pozostawia na d\u0142ugo uczucie syto\u015bci. Idealnie sprawdzi si\u0119 dla os\u00f3b b\u0119d\u0105cych na diecie wysokobia\u0142kowej, wega\u0144skiej, a tak\u017ce uprawiaj\u0105cych sport.<\/p>\n<p>SPOS\u00d3B PRZYGOTOWANIA<br \/>5 \u0142y\u017ceczek (15 g) produktu wymiesza\u0107 z 200 ml soku, MLEKA, napoju ro\u015blinnego lub wody. <\/p>\n<p>Bez dodatku cukr\u00f3w. <br \/>Zawiera naturalnie wyst\u0119puj\u0105ce cukry. <\/p>\n<p>WARTO\u015a\u0106 OD\u017bYWCZA W 100 g<br \/>Warto\u015b\u0107 energetyczna \t1516 kJ\/363 kcal<br \/>T\u0142uszcz \t11 g<br \/>w tym kwasy t\u0142uszczowe nasycone \t1,3 g<br \/>W\u0119glowodany \t4,2 g<br \/>w tym cukry \t4,2 g<br \/>B\u0142onnik \t24 g<br \/>Bia\u0142ko \t49 g<br \/>S\u00f3l \t0 g<\/p>\n<p>INFORMACJA ALERGENNA<br \/>Produkt mo\u017ce zawiera\u0107: ZBO\u017bA ZAWIERAJ\u0104CE GLUTEN, ORZESZKI ZIEMNE, ORZECHY, NASIONA SEZAMU, SOJ\u0118.<\/p>\n<p>ZALECANE WARUNKI PRZECHOWYWANIA<br \/>Przechowywa\u0107 w suchym i ch\u0142odnym miejscu.<\/p>","protected":false},"excerpt":{"rendered":"<p>SK\u0141ADNIKIekologiczne bia\u0142ko konopne sproszkowane. OPIS:Bia\u0142ko z ekologicznych nasion konopi pozostawia na d\u0142ugo uczucie syto\u015bci. Idealnie sprawdzi si\u0119 dla os\u00f3b b\u0119d\u0105cych na diecie wysokobia\u0142kowej, wega\u0144skiej, a tak\u017ce uprawiaj\u0105cych sport. SPOS\u00d3B PRZYGOTOWANIA5 \u0142y\u017ceczek (15 g) produktu wymiesza\u0107 z 200 ml soku, MLEKA, napoju ro\u015blinnego lub wody. Bez dodatku cukr\u00f3w. Zawiera naturalnie wyst\u0119puj\u0105ce cukry. WARTO\u015a\u0106 OD\u017bYWCZA W 100 [&hellip;]<\/p>","protected":false},"featured_media":999,"comment_status":"closed","ping_status":"open","template":"","meta":{"_acf_changed":false},"product_brand":[],"product_cat":[9057],"product_tag":[],"class_list":{"0":"post-998","1":"product","2":"type-product","3":"status-publish","4":"has-post-thumbnail","6":"product_cat-suplementy-diety","7":"pa_ean-matka-1001","8":"pa_gwarancja-przydatnosci-324","9":"pa_ilosc-w-opakowaniu-327","10":"pa_jednostka-podstawowa-kg","11":"pa_kod-cn-2106-10-20","12":"pa_kraj-pochodzenia-skladnikow-rumunia","13":"pa_masa-netto-209","14":"pa_producent-horeca-bio-surowce","15":"pa_producent-nazwa-adres-bio-planet-s-a-wilkowa-wies-7-05-084-leszno","16":"pa_tagi-bez-cukru-w-skladnikach","17":"pa_tagi-bez-glutenu-w-skladnikach","18":"pa_tagi-certyfikat-bio","19":"pa_tagi-weganski","20":"pa_tagi-wegetarianski","22":"first","23":"instock","24":"taxable","25":"shipping-taxable","26":"purchasable","27":"product-type-simple"},"acf":[],"_links":{"self":[{"href":"https:\/\/wiejskieprzysmaki.estima.site\/en\/wp-json\/wp\/v2\/product\/998","targetHints":{"allow":["GET"]}}],"collection":[{"href":"https:\/\/wiejskieprzysmaki.estima.site\/en\/wp-json\/wp\/v2\/product"}],"about":[{"href":"https:\/\/wiejskieprzysmaki.estima.site\/en\/wp-json\/wp\/v2\/types\/product"}],"replies":[{"embeddable":true,"href":"https:\/\/wiejskieprzysmaki.estima.site\/en\/wp-json\/wp\/v2\/comments?post=998"}],"wp:featuredmedia":[{"embeddable":true,"href":"https:\/\/wiejskieprzysmaki.estima.site\/en\/wp-json\/wp\/v2\/media\/999"}],"wp:attachment":[{"href":"https:\/\/wiejskieprzysmaki.estima.site\/en\/wp-json\/wp\/v2\/media?parent=998"}],"wp:term":[{"taxonomy":"product_brand","embeddable":true,"href":"https:\/\/wiejskieprzysmaki.estima.site\/en\/wp-json\/wp\/v2\/product_brand?post=998"},{"taxonomy":"product_cat","embeddable":true,"href":"https:\/\/wiejskieprzysmaki.estima.site\/en\/wp-json\/wp\/v2\/product_cat?post=998"},{"taxonomy":"product_tag","embeddable":true,"href":"https:\/\/wiejskieprzysmaki.estima.site\/en\/wp-json\/wp\/v2\/product_tag?post=998"}],"curies":[{"name":"wp","href":"https:\/\/api.w.org\/{rel}","templated":true}]}}