{"id":9981,"date":"2025-02-18T12:13:49","date_gmt":"2025-02-18T11:13:49","guid":{"rendered":"https:\/\/wiejskieprzysmaki.estima.site\/produkt\/budyn-proteinowy-truskawkowy-bez-dodatku-cukrow-bezglutenowy-bio-45-g-amylon\/"},"modified":"2025-02-18T12:14:09","modified_gmt":"2025-02-18T11:14:09","slug":"budyn-proteinowy-truskawkowy-bez-dodatku-cukrow-bezglutenowy-bio-45-g-amylon","status":"publish","type":"product","link":"https:\/\/wiejskieprzysmaki.estima.site\/en\/product\/budyn-proteinowy-truskawkowy-bez-dodatku-cukrow-bezglutenowy-bio-45-g-amylon\/","title":{"rendered":"BUDY\u0143 PROTEINOWY TRUSKAWKOWY BEZ DODATKU CUKR\u00d3W BEZGLUTENOWY BIO 45 g &#8211; AMYLON"},"content":{"rendered":"<p>SK\u0141ADNIKI<br \/>skrobia kukurydziana*, koncentrat bia\u0142ka SERWATKOWEGO* (37,5 %), suszone truskawki* (4 %), suszony burak*, naturalny aromat truskawkowy. (*certyfikowany sk\u0142adnik ekologiczny)<\/p>\n<p>OPIS<br \/>Co wyr\u00f3\u017cnia budy\u0144 proteinowy? Budy\u0144 proteinowy jest produktem funkcjonalnym b\u0119d\u0105cym \u017ar\u00f3d\u0142em bia\u0142ka, dzi\u0119ki zawarto\u015bci WPC, jednocze\u015bnie zachowuj\u0105c wszystkie w\u0142a\u015bciwo\u015bci tradycyjnego budyniu tj. smak, konsystencja, czy zapach.<br \/>Czym jest WPC &#8211; \u017ar\u00f3d\u0142o bia\u0142ka budyniu? Bia\u0142ko WPC to z angielskiego Whey Protein Concentrate, czyli w dos\u0142ownym t\u0142umaczeniu koncentrat bia\u0142ka serwatki \u2013 znane i doceniane przez sportowc\u00f3w.<br \/>Jakie s\u0105 w\u0142a\u015bciwo\u015bci WPC? <br \/>&#8211; Dzi\u0119ki wysokiej zawarto\u015bci protein bia\u0142ko WPC wspomaga organizm we wzro\u015bcie masy mi\u0119\u015bniowej bez ryzyka odk\u0142adania si\u0119 masy mi\u0119\u015bniowej w organizmie.<br \/>&#8211; Jego niska kaloryczno\u015b\u0107 pozwala na redukcj\u0119 masy t\u0142uszczowej podczas odchudzania.<br \/>&#8211; Wspomaga regeneracj\u0119 mi\u0119\u015bni<br \/>&#8211; Uzupe\u0142nia porcj\u0119 bia\u0142ka w diecie<\/p>\n<p>SPOS\u00d3B PRZYGOTOWANIA<br \/>1. Z 400 ml zimnego MLEKA odla\u0107 300 ml.<br \/>2. Doda\u0107 2 \u0142y\u017cki cukru (ok. 40 g) i pozostawi\u0107 do zagotowania.<br \/>3. Do pozosta\u0142ego MLEKA (100 ml) wsypa\u0107 zawarto\u015b\u0107 torebki i dobrze wymiesza\u0107.<br \/>4. Do gotuj\u0105cego si\u0119 MLEKA wla\u0107 rozrobiony z mlekiem budy\u0144, ci\u0105gle mieszaj\u0105c jeszcze przez chwil\u0119 do zg\u0119stnienia.<br \/>Gotowy budy\u0144 jest przeznaczony do szybkiego spo\u017cycia. Budy\u0144 mo\u017cna przygotowa\u0107 r\u00f3wnie\u017c na napoju SOJOWYM czy owsianym. <\/p>\n<p>WARTO\u015a\u0106 OD\u017bYWCZA w 100 g sypkiego budyniu<br \/>Warto\u015b\u0107 energetyczna: 1574 kJ\/372 kcal<br \/>T\u0142uszcz: 1,9 g<br \/>w tym kwasy t\u0142uszczowe nasycone: 1,3 g<br \/>W\u0119glowodany: 57 g<br \/>w tym cukry: 6,5 g<br \/>Bia\u0142ko: 31 g<br \/>S\u00f3l: 1,11 g<\/p>\n<p>ZALECANE WARUNKI PRZECHOWYWANIA<br \/>Przechowywa\u0107 w suchym miejscu, chroni\u0107 przed \u015bwiat\u0142em. <\/p>","protected":false},"excerpt":{"rendered":"<p>SK\u0141ADNIKIskrobia kukurydziana*, koncentrat bia\u0142ka SERWATKOWEGO* (37,5 %), suszone truskawki* (4 %), suszony burak*, naturalny aromat truskawkowy. (*certyfikowany sk\u0142adnik ekologiczny) OPISCo wyr\u00f3\u017cnia budy\u0144 proteinowy? Budy\u0144 proteinowy jest produktem funkcjonalnym b\u0119d\u0105cym \u017ar\u00f3d\u0142em bia\u0142ka, dzi\u0119ki zawarto\u015bci WPC, jednocze\u015bnie zachowuj\u0105c wszystkie w\u0142a\u015bciwo\u015bci tradycyjnego budyniu tj. smak, konsystencja, czy zapach.Czym jest WPC &#8211; \u017ar\u00f3d\u0142o bia\u0142ka budyniu? Bia\u0142ko WPC to z [&hellip;]<\/p>","protected":false},"featured_media":9982,"comment_status":"closed","ping_status":"open","template":"","meta":{"_acf_changed":false},"product_brand":[],"product_cat":[396],"product_tag":[],"class_list":{"0":"post-9981","1":"product","2":"type-product","3":"status-publish","4":"has-post-thumbnail","6":"product_cat-budynie-galaretki-kisiele","7":"pa_ean-matka-7590","8":"pa_gwarancja-przydatnosci-320","9":"pa_ilosc-w-opakowaniu-350","10":"pa_jednostka-podstawowa-szt","11":"pa_kod-cn-1901-90-99","12":"pa_kraj-pochodzenia-skladnikow-republika-czeska","13":"pa_masa-netto-2529","14":"pa_objetosc-brutto-3072","15":"pa_producent-amylon-budynie-galaretkikisielecukry-skrobie","16":"pa_producent-nazwa-adres-amylon-a-s-ronov-nad-sazavou-czech-republic","17":"pa_tagi-bez-cukru-w-skladnikach","18":"pa_tagi-bez-glutenu-deklaracja","19":"pa_tagi-bez-glutenu-w-skladnikach","20":"pa_tagi-certyfikat-bio","21":"pa_tagi-wegetarianski","23":"first","24":"instock","25":"taxable","26":"shipping-taxable","27":"purchasable","28":"product-type-simple"},"acf":[],"_links":{"self":[{"href":"https:\/\/wiejskieprzysmaki.estima.site\/en\/wp-json\/wp\/v2\/product\/9981","targetHints":{"allow":["GET"]}}],"collection":[{"href":"https:\/\/wiejskieprzysmaki.estima.site\/en\/wp-json\/wp\/v2\/product"}],"about":[{"href":"https:\/\/wiejskieprzysmaki.estima.site\/en\/wp-json\/wp\/v2\/types\/product"}],"replies":[{"embeddable":true,"href":"https:\/\/wiejskieprzysmaki.estima.site\/en\/wp-json\/wp\/v2\/comments?post=9981"}],"wp:featuredmedia":[{"embeddable":true,"href":"https:\/\/wiejskieprzysmaki.estima.site\/en\/wp-json\/wp\/v2\/media\/9982"}],"wp:attachment":[{"href":"https:\/\/wiejskieprzysmaki.estima.site\/en\/wp-json\/wp\/v2\/media?parent=9981"}],"wp:term":[{"taxonomy":"product_brand","embeddable":true,"href":"https:\/\/wiejskieprzysmaki.estima.site\/en\/wp-json\/wp\/v2\/product_brand?post=9981"},{"taxonomy":"product_cat","embeddable":true,"href":"https:\/\/wiejskieprzysmaki.estima.site\/en\/wp-json\/wp\/v2\/product_cat?post=9981"},{"taxonomy":"product_tag","embeddable":true,"href":"https:\/\/wiejskieprzysmaki.estima.site\/en\/wp-json\/wp\/v2\/product_tag?post=9981"}],"curies":[{"name":"wp","href":"https:\/\/api.w.org\/{rel}","templated":true}]}}