{"id":9985,"date":"2025-02-18T12:14:15","date_gmt":"2025-02-18T11:14:15","guid":{"rendered":"https:\/\/wiejskieprzysmaki.estima.site\/produkt\/maka-pszenna-typ-00-do-slodkich-wypiekow-bio-1-kg-alce-nero\/"},"modified":"2025-02-18T12:14:15","modified_gmt":"2025-02-18T11:14:15","slug":"maka-pszenna-typ-00-do-slodkich-wypiekow-bio-1-kg-alce-nero","status":"publish","type":"product","link":"https:\/\/wiejskieprzysmaki.estima.site\/en\/product\/maka-pszenna-typ-00-do-slodkich-wypiekow-bio-1-kg-alce-nero\/","title":{"rendered":"M\u0104KA PSZENNA TYP &#8220;00&#8221;  DO S\u0141ODKICH WYPIEK\u00d3W BIO 1 kg &#8211; ALCE NERO"},"content":{"rendered":"<p>SK\u0141ADNIKI<br \/>m\u0105ka PSZENNA*. (*certyfikowany sk\u0142adnik ekologiczny)<\/p>\n<p>OPIS<br \/>M\u0105ka PSZENNA typu 00 przeznaczona jest do specjalnego rodzaju wypiek\u00f3w, g\u0142\u00f3wnie aromatycznej pizzy w\u0142oskiej, puszystego pieczywa foccacia, a tak\u017ce dro\u017cd\u017cowych bu\u0142ek.<br \/>Z m\u0105k\u0105 pszenn\u0105 00 wyczarowa\u0107 mo\u017cna piero\u017cki ravioli, kt\u00f3re, dzi\u0119ki u\u017cyciu tak mi\u0119kkiej m\u0105ki, zachwyc\u0105 swoj\u0105 delikatno\u015bci\u0105 i wysublimowanym smakiem. Opr\u00f3cz wytrawnych specja\u0142\u00f3w kuchni w\u0142oskiej wyczarowa\u0107 z niej mo\u017cna apetyczne, s\u0142odkie ciasteczka i pulchne biszkopty.<\/p>\n<p>WARTO\u015a\u0106 OD\u017bYWCZA w 100 g<br \/>Warto\u015b\u0107 energetyczna: 1487 kJ\/354 kcal<br \/>T\u0142uszcz: 1,0 g<br \/>w tym kwasy t\u0142uszczowe nasycone: 0,2 g<br \/>W\u0119glowodany: 74 g<br \/>w tym cukry: 4,6 g<br \/>B\u0142onnik: 2,5 g<br \/>Bia\u0142ko: 11 g<br \/>S\u00f3l: 0 g<\/p>\n<p>INFORMACJA ALERGENNA<br \/>Produkt mo\u017ce zawiera\u0107 inne ZBO\u017bA ZAWIERAJ\u0104CE GLUTEN, SOJ\u0118, GORCZYC\u0118<\/p>\n<p>ZALECANE WARUNKI PRZECHOWYWANIA<br \/>Przechowywa\u0107 w suchym i ch\u0142odnym miejscu.<\/p>","protected":false},"excerpt":{"rendered":"<p>SK\u0141ADNIKIm\u0105ka PSZENNA*. (*certyfikowany sk\u0142adnik ekologiczny) OPISM\u0105ka PSZENNA typu 00 przeznaczona jest do specjalnego rodzaju wypiek\u00f3w, g\u0142\u00f3wnie aromatycznej pizzy w\u0142oskiej, puszystego pieczywa foccacia, a tak\u017ce dro\u017cd\u017cowych bu\u0142ek.Z m\u0105k\u0105 pszenn\u0105 00 wyczarowa\u0107 mo\u017cna piero\u017cki ravioli, kt\u00f3re, dzi\u0119ki u\u017cyciu tak mi\u0119kkiej m\u0105ki, zachwyc\u0105 swoj\u0105 delikatno\u015bci\u0105 i wysublimowanym smakiem. Opr\u00f3cz wytrawnych specja\u0142\u00f3w kuchni w\u0142oskiej wyczarowa\u0107 z niej mo\u017cna apetyczne, [&hellip;]<\/p>","protected":false},"featured_media":9986,"comment_status":"closed","ping_status":"open","template":"","meta":{"_acf_changed":false},"product_brand":[],"product_cat":[99,106],"product_tag":[],"class_list":{"0":"post-9985","1":"product","2":"type-product","3":"status-publish","4":"has-post-thumbnail","6":"product_cat-maki-i-skrobie","7":"product_cat-maki-zbozowe-z-glutenem","8":"pa_ean-matka-7592","9":"pa_gwarancja-przydatnosci-473","10":"pa_ilosc-w-opakowaniu-350","11":"pa_jednostka-podstawowa-szt","12":"pa_kod-cn-1101-00-15","13":"pa_kraj-pochodzenia-skladnikow-wlochy","14":"pa_masa-netto-209","15":"pa_objetosc-brutto-1230","16":"pa_producent-alce-nero-wloskie-produkty","17":"pa_producent-nazwa-adres-alce-nero-s-p-a-via-palazzetti-5c-40068-san-lazzaro-di-savena-bo","18":"pa_tagi-bez-cukru-w-skladnikach","19":"pa_tagi-certyfikat-bio","20":"pa_tagi-weganski","21":"pa_tagi-wegetarianski","23":"first","24":"instock","25":"taxable","26":"shipping-taxable","27":"purchasable","28":"product-type-simple"},"acf":[],"_links":{"self":[{"href":"https:\/\/wiejskieprzysmaki.estima.site\/en\/wp-json\/wp\/v2\/product\/9985","targetHints":{"allow":["GET"]}}],"collection":[{"href":"https:\/\/wiejskieprzysmaki.estima.site\/en\/wp-json\/wp\/v2\/product"}],"about":[{"href":"https:\/\/wiejskieprzysmaki.estima.site\/en\/wp-json\/wp\/v2\/types\/product"}],"replies":[{"embeddable":true,"href":"https:\/\/wiejskieprzysmaki.estima.site\/en\/wp-json\/wp\/v2\/comments?post=9985"}],"wp:featuredmedia":[{"embeddable":true,"href":"https:\/\/wiejskieprzysmaki.estima.site\/en\/wp-json\/wp\/v2\/media\/9986"}],"wp:attachment":[{"href":"https:\/\/wiejskieprzysmaki.estima.site\/en\/wp-json\/wp\/v2\/media?parent=9985"}],"wp:term":[{"taxonomy":"product_brand","embeddable":true,"href":"https:\/\/wiejskieprzysmaki.estima.site\/en\/wp-json\/wp\/v2\/product_brand?post=9985"},{"taxonomy":"product_cat","embeddable":true,"href":"https:\/\/wiejskieprzysmaki.estima.site\/en\/wp-json\/wp\/v2\/product_cat?post=9985"},{"taxonomy":"product_tag","embeddable":true,"href":"https:\/\/wiejskieprzysmaki.estima.site\/en\/wp-json\/wp\/v2\/product_tag?post=9985"}],"curies":[{"name":"wp","href":"https:\/\/api.w.org\/{rel}","templated":true}]}}